{"id":10008,"date":"2025-08-19T15:00:51","date_gmt":"2025-08-19T13:00:51","guid":{"rendered":"https:\/\/industry-lavision.com\/?page_id=10008"},"modified":"2025-09-29T05:51:30","modified_gmt":"2025-09-29T03:51:30","slug":"agb","status":"publish","type":"page","link":"https:\/\/industry-lavision.com\/de\/agb\/","title":{"rendered":"AGB"},"content":{"rendered":"\t\t<div data-elementor-type=\"wp-page\" data-elementor-id=\"10008\" class=\"elementor elementor-10008\" data-elementor-post-type=\"page\">\n\t\t\t\t<div class=\"elementor-element elementor-element-c64f9b0 e-flex e-con-boxed e-con e-parent\" data-id=\"c64f9b0\" data-element_type=\"container\" data-e-type=\"container\" data-settings=\"{&quot;jet_parallax_layout_list&quot;:[]}\">\n\t\t\t\t\t<div class=\"e-con-inner\">\n\t\t\t\t<div class=\"elementor-element elementor-element-dba366d elementor-widget elementor-widget-heading\" data-id=\"dba366d\" data-element_type=\"widget\" data-e-type=\"widget\" data-widget_type=\"heading.default\">\n\t\t\t\t\t<h1 class=\"elementor-heading-title elementor-size-default\">Allgemeine Verkaufs- und Lieferbedingungen der LaVision GmbH<\/h1>\t\t\t\t<\/div>\n\t\t\t\t<div class=\"elementor-element elementor-element-c556f82 elementor-widget elementor-widget-jet-download-button\" data-id=\"c556f82\" data-element_type=\"widget\" data-e-type=\"widget\" data-widget_type=\"jet-download-button.default\">\n\t\t\t\t<div class=\"elementor-widget-container\">\n\t\t\t\t\t<div class=\"elementor-jet-download-button jet-elements\"><a class=\"elementor-button elementor-size-md jet-download jet-download-icon-position-left\" data-e-disable-page-transition=\"true\" href=\"https:\/\/industry-lavision.com\/de\/?jet_download=95f791f6b991cc232b8f30b5a26b9e8ef84693ca\" ><span class=\"jet-download__text\"><span class=\"jet-download__label\">Download AGB<\/span><span class=\"jet-download__file-name\"><\/span><small class=\"jet-download__sub-label\"><\/small><\/span><\/a>\n<\/div>\t\t\t\t<\/div>\n\t\t\t\t<\/div>\n\t\t\t\t<div class=\"elementor-element elementor-element-4b6ab8a elementor-widget elementor-widget-text-editor\" data-id=\"4b6ab8a\" data-element_type=\"widget\" data-e-type=\"widget\" data-widget_type=\"text-editor.default\">\n\t\t\t\t\t\t\t\t\t<p><strong>Allgemeine Verkaufs- und Lieferbedingungen der LaVision GmbH<\/strong><\/p><p>g\u00fcltig ab 01.07.2025<\/p><ol><li><strong> Allgemeine Bedingungen<\/strong><\/li><\/ol><p>1.1 Unsere Verkaufs- und Lieferbedingungen gelten f\u00fcr alle Angebote, Verk\u00e4ufe, Lieferungen, Reparaturen und sonstige Leistungen.<\/p><p>1.2 Abweichungen von diesen Verkaufs- und Lieferbedingungen sind nur wirksam, wenn diese schriftlich vereinbart werden.<\/p><p>1.3 Anderslautende Vertragsbedingungen des Bestellers \u2013 soweit sie nicht ausdr\u00fccklich schriftlich vereinbart werden \u2013 gelten nicht.<\/p><ol start=\"2\"><li><strong> Angebote, Vertragsschluss<\/strong><\/li><\/ol><p>2.1 Unsere Angebote sind stets freibleibend. Vertr\u00e4ge bed\u00fcrfen zu ihrer Wirksamkeit unserer schriftlichen Best\u00e4tigung.<\/p><p>2.2 Dem Besteller ist bekannt, dass die von uns gelieferten Ger\u00e4te der Export\u00fcberwachung durch das Bundesamt f\u00fcr Wirtschaft und Ausfuhrkontrolle unterliegen. Der Besteller ist verpflichtet, die Vorschriften des Bundesamtes f\u00fcr Wirtschaft und Ausfuhrkontrolle bei einem evtl. Re-Export der von uns gelieferten Ger\u00e4te zu beachten.<\/p><ol start=\"3\"><li><strong> Preise und Zahlung<\/strong><\/li><\/ol><p>3.1 Unsere Preise verstehen sich ausschlie\u00dflich der gesetzlichen Mehrwertsteuer, die gesondert in der gesetzlichen H\u00f6he dem Besteller in Rechnung gestellt wird.<\/p><p>3.2 Die Lieferung erfolgt ab Werk in G\u00f6ttingen, wenn nicht anders vereinbart.<\/p><p>3.3 Der Kaufpreis und die Entgelte f\u00fcr Nebenleistungen sind bei \u00dcbergabe des Liefergegenstandes ohne Abz\u00fcge zur Zahlung f\u00e4llig.<\/p><p>3.4 Verzugszinsen berechnen wir mit 9 %-Punkten p.a. \u00fcber dem jeweils g\u00fcltigen Basiszinssatz der Europ\u00e4ischen Zentralbank (EZB). Sie sind h\u00f6her anzusetzen, wenn wir eine Belastung mit einem h\u00f6heren Zinssatz nachweisen.<\/p><p>3.5 Aufrechnungen und Zur\u00fcckbehaltungen wegen Gegenanspr\u00fcchen des Bestellers sind ausgeschlossen, es sei denn, der Gegenanspruch, auf den das Leistungsverweigerungsrecht oder die Aufrechnung gest\u00fctzt wird, ist von uns unbestritten, rechtskr\u00e4ftig festgestellt.<\/p><ol start=\"4\"><li><strong> Lieferfrist<\/strong><\/li><\/ol><p>4.1 Die Vereinbarung verbindlicher Liefertermine und Fristen bedarf der Schriftform.<\/p><p>4.2 Die Lieferfrist beginnt mit der Absendung der Auftragsbest\u00e4tigung, jedoch nicht vor der Beibringung der vom Besteller ggf. zu beschaffenden Unterlagen, Genehmigungen, Freigaben, sowie vor Eingang einer vereinbarten Anzahlung.<\/p><p>4.3 Die Lieferfrist ist eingehalten, wenn bis zu ihrem Ablauf die Versandbereitschaft mitgeteilt ist oder der Liefergegenstand das Werk verlassen hat.<\/p><p>4.4 Die Lieferfrist verl\u00e4ngert sich bei Ma\u00dfnahmen im Rahmen von Arbeitsk\u00e4mpfen, insbesondere Streik und Aussperrung sowie beim Eintritt unvorhergesehener Hindernisse, die au\u00dferhalb unseres Einflussbereichs liegen, z. B. Betriebsst\u00f6rungen, Verz\u00f6gerungen in der Anlieferung wesentlicher Materialien, un\u00fcblich lange Bearbeitungszeiten von Beh\u00f6rden, soweit solche Hindernisse nachweislich von erheblichem Einfluss auf die Lieferung des Liefergegenstandes sind. Dies gilt auch, wenn die Umst\u00e4nde bei Unterlieferanten eintreten. Die Lieferfrist verl\u00e4ngert sich entsprechend der Dauer derartiger Ma\u00dfnahmen und Hindernisse.<\/p><p>Die vorbezeichneten Umst\u00e4nde sind auch dann von uns nicht zu vertreten, wenn sie w\u00e4hrend eines bereits vorliegenden Verzuges entstehen. Von uns werden Beginn und Ende derartiger Hindernisse in wichtigen F\u00e4llen dem Besteller baldm\u00f6glichst mitgeteilt.<\/p><p>4.5 Teillieferungen sind innerhalb der von uns angegebenen Lieferfristen zul\u00e4ssig.<\/p><ol start=\"5\"><li><strong> Abnahme und Gefahr\u00fcbergang<\/strong><\/li><\/ol><p>5.1 Der Besteller ist verpflichtet, den Liefergegenstand unverz\u00fcglich anzunehmen. Soweit nach dem ordnungsgem\u00e4\u00dfen Gesch\u00e4ftsgang tunlich, hat der Besteller den Liefergegenstand unverz\u00fcglich auf M\u00e4ngel zu pr\u00fcfen. Unterl\u00e4sst es der Besteller, dem Verk\u00e4ufer unverz\u00fcglich Anzeige eines erkennbaren Mangels zu machen, gilt die Ware als genehmigt. Anderes gilt nur im Falle eines im Rahmen ordnungsgem\u00e4\u00dfer Untersuchung nicht erkennbaren Mangels.<\/p><p>5.2 Bleibt der Besteller mit der unverz\u00fcglichen Annahme des Liefergegenstandes vors\u00e4tzlich oder fahrl\u00e4ssig in R\u00fcckstand, so sind wir nach Setzung einer Nachfrist von weiteren 14 Tagen berechtigt, vom Vertrag zur\u00fcckzutreten und Schadensersatz wegen Nichterf\u00fcllung zu verlangen. Der Setzung einer Nachfrist bedarf es nicht, wenn der Besteller die Annahme ernsthaft und endg\u00fcltig verweigert oder offenkundig auch innerhalb dieser Zeit zur Zahlung des Kaufpreises nicht imstande ist.<\/p><p>5.3 Die Gefahr geht mit der Absendung ab Werk in G\u00f6ttingen auf den Besteller \u00fcber. Wurde frachtfreie Lieferung vereinbart, ist der Lieferort der Ort des Gefahr\u00fcberganges. Erkl\u00e4rt der Besteller, er werde den Liefergegenstand nicht annehmen, so geht die Gefahr eines zuf\u00e4lligen Unterganges oder einer zuf\u00e4lligen Verschlechterung des Liefergegenstandes im Zeitpunkt der Verweigerung auf den Besteller \u00fcber.<\/p><ol start=\"6\"><li><strong> Eigentumsvorbehalt <\/strong><\/li><\/ol><p>6.1 Wir behalten uns das Eigentum an den Liefergegenst\u00e4nden bis zur Zahlung aller aus dem Vertrag oder sonstigen aus der Gesch\u00e4ftsverbindung resultierenden Forderungen vor.<\/p><p>6.2 Bei vertragswidrigem Verhalten des Bestellers, insbesondere bei Zahlungsverzug, ist der Besteller nach einmaliger Mahnung und Ablauf einer angemessenen Frist zur umgehenden Herausgabe des Kauf- bzw. Liefergegenstandes verpflichtet.<\/p><p>6.3 Die Geltendmachung eines Anspruchs aus einem Eigentumsvorbehalt sowie die Pf\u00e4ndung der Liefergegenst\u00e4nde durch uns gelten nicht als R\u00fccktritt vom Vertrag, sofern dies nicht ausdr\u00fccklich durch uns schriftlich vereinbart wird.<\/p><p>6.4 Der Besteller ist berechtigt, die Liefergegenst\u00e4nde im ordentlichen Gesch\u00e4ftsgang weiterzuver\u00e4u\u00dfern; er tritt uns jedoch bereits jetzt alle Forderungen in H\u00f6he des zwischen uns und dem Besteller vereinbarten Kaufpreises (einschlie\u00dflich Mehrwertsteuer) ab, die dem Besteller aus dem Weiterverkauf erwachsen, und zwar unabh\u00e4ngig davon, ob die Liefergegenst\u00e4nde ohne oder nach Bearbeitung weiterverkauft werden. Zur Einziehung dieser Forderung ist der Besteller nach deren Abtretung erm\u00e4chtigt. Unsere Befugnis, die Forderung selbst einzuziehen, bleibt davon unber\u00fchrt; jedoch verpflichten wir uns, die Forderungen nicht einzuziehen, solange der Besteller seinen Zahlungsverpflichtungen ordnungsgem\u00e4\u00df nachkommt und nicht im Zahlungsverzug ist. Ist dies jedoch der Fall, k\u00f6nnen wir verlangen, dass der Besteller die abgetretenen Forderungen und deren Schuldner bekannt gibt und alle zum Einzug erforderlichen Angaben macht, die dazugeh\u00f6rigen Unterlagen aush\u00e4ndigt und den Schuldnern (Dritten) die Abtretung mitteilt.<\/p><p>6.5 Der Besteller darf die Liefergegenst\u00e4nde bis zur vollst\u00e4ndigen Bezahlung weder verpf\u00e4nden noch zur Sicherung \u00fcbereignen. Bei Pf\u00e4ndungen sowie Beschlagnahme oder sonstigen Verf\u00fcgungen durch Dritte, hat der Besteller uns unverz\u00fcglich davon zu unterrichten und uns alle Ausk\u00fcnfte und Unterlagen zur Verf\u00fcgung zu stellen, die zur Wahrung unserer Rechte erforderlich sind. Vollstreckungsbeamte bzw. Dritte sind auf unser Eigentum hinzuweisen.<\/p><p>6.6 Wir verpflichten uns, die uns zustehenden Sicherheiten auf Verlangen des Bestellers insoweit freizugeben, als der Wert der Sicherheiten die noch nicht beglichenen Forderungen um mehr als 20 % \u00fcbersteigt.<\/p><ol start=\"7\"><li><strong> Gew\u00e4hrleistung<\/strong><\/li><\/ol><p>7.1 M\u00e4ngelanzeigen bed\u00fcrfen der Schriftform.<\/p><p>7.2 Gew\u00e4hrleistung f\u00fcr mangelhafte Liefergegenst\u00e4nde erfolgt nach unserer Wahl durch Nachbesserung oder Ersatzlieferung. Schl\u00e4gt die Nachbesserung oder Ersatzlieferung fehl, so ist der Besteller zur angemessenen Minderung des Kaufpreises oder nach seiner Wahl zum R\u00fccktritt vom Vertrag berechtigt. Anspr\u00fcche auf Schadensersatz besitzt er nicht. Die Regelungen zu nachfolgender Ziffer 11 bleiben davon unber\u00fchrt.<\/p><p>7.3 Die Verj\u00e4hrungsfrist betr\u00e4gt zw\u00f6lf Monate. Die Frist beginnt mit der \u00dcbergabe des Kauf- bzw. Liefergegenstandes an den Besteller.<\/p><ol start=\"8\"><li><strong> Reparatur- und Installationsleistungen<\/strong><\/li><\/ol><p>F\u00fcr durch uns nach Ablauf der Gew\u00e4hrleistungsfrist erbrachte Reparatur- und<\/p><p>Installationsleistungen gilt folgendes:<\/p><p>8.1 Der Kunde muss alle zur Durchf\u00fchrung der Reparatur bzw. der Installation notwendigen Vorbereitungen treffen und die Durchf\u00fchrung im zumutbaren Rahmen unterst\u00fctzen.<\/p><p>8.2 Sofern nicht ein Festpreis vereinbart ist, werden dem Kunden die Reparaturen und Installationen entsprechend dem Zeit-, Material- und Reisekostenaufwand aufgrund unserer zum Zeitpunkt der Leistung g\u00fcltigen Stundens\u00e4tze und Preislisten berechnet.<\/p><ol start=\"9\"><li><strong> Softwarenutzungsrechte<\/strong><\/li><\/ol><p>9.1 Der Besteller erh\u00e4lt ein nicht ausschlie\u00dfliches Nutzungsrecht an unserer Software und den dazugeh\u00f6rigen Dokumentationen im Rahmen seines Gesch\u00e4ftsbetriebs auf einem Computersystem bzw. Datentr\u00e4ger. Alle sonstigen Rechte an der Software und den Dokumentationen einschlie\u00dflich der Kopien und nachtr\u00e4glichen Erg\u00e4nzungen bleiben bei uns. Die Vergabe von Unterlizenzen durch den Besteller ist nicht zul\u00e4ssig.<\/p><p>9.2 Der Besteller hat sicherzustellen, dass die Software und Dokumentationen ohne die vorherige schriftliche Zustimmung von uns Dritten nicht zug\u00e4nglich sind.<\/p><ol start=\"10\"><li><strong> Erf\u00fcllungsort, Gerichtsstand, Rechtswahl<\/strong><\/li><\/ol><p>10.1 Erf\u00fcllungsort ist G\u00f6ttingen.<\/p><p>10.2 Bei allen sich aus dem Vertragsverh\u00e4ltnis ergebenden Streitigkeiten ist die Klage bei dem Gericht zu erheben, das f\u00fcr unseren Hauptsitz zust\u00e4ndig ist. Wir sind auch berechtigt, am Hauptsitz des Bestellers zu klagen.<\/p><p>10.3 Es gilt ausschlie\u00dflich deutsches Recht unter Ausschluss der Gesetze \u00fcber den internationalen Kauf beweglicher Sachen (CISG), sowie unter Ausschluss des UN-Kaufrechts, auch wenn der Besteller seinen Firmensitz im Ausland hat.<\/p><ol start=\"11\"><li><strong> Haftung<\/strong><\/li><\/ol><p>11.1 Bei vors\u00e4tzlichen oder grob fahrl\u00e4ssigen Pflichtverletzungen, wie im Falle der schuldhaften Verletzung des Lebens, des K\u00f6rpers oder der Gesundheit haftet LaVision f\u00fcr alle darauf zur\u00fcckzuf\u00fchrenden Sch\u00e4den uneingeschr\u00e4nkt, soweit gesetzlich nichts anderes bestimmt ist.<\/p><p>11.2 Bei grober Fahrl\u00e4ssigkeit nichtleitender Angestellter ist die Haftung von LaVision f\u00fcr Sach- und Verm\u00f6genssch\u00e4den auf den vertragstypisch vorhersehbaren Schaden begrenzt.<\/p><p>11.3 Bei leichter Fahrl\u00e4ssigkeit haftet LaVision f\u00fcr Sach- und Verm\u00f6genssch\u00e4den nur bei Verletzung wesentlicher Vertragspflichten. Wesentliche Vertragspflichten sind solche, deren Erf\u00fcllung die ordnungsgem\u00e4\u00dfe Durchf\u00fchrung des Vertrages erst erm\u00f6glicht und auf die der Kunde in der Regel vertraut und vertrauen darf. Auch dabei ist die Haftung auf den vertragstypischen vorhersehbaren Schaden begrenzt.<\/p><p>11.4 Eine weitergehende Haftung auf Schadensersatz als in den vorstehenden Abs\u00e4tzen geregelt ist \u2013 ohne R\u00fccksicht auf die Rechtsnatur des geltend gemachten Anspruch \u2013 ausgeschlossen. Dies gilt insbesondere f\u00fcr unerlaubte Handlungen gem\u00e4\u00df \u00a7\u00a7 823, 831 BGB. Eine etwaige uneingeschr\u00e4nkte Haftung nach den Vorschriften des deutschen Produkthaftungsgesetztes bleibt unber\u00fchrt.<\/p>\t\t\t\t\t\t\t\t<\/div>\n\t\t\t\t\t<\/div>\n\t\t\t\t<\/div>\n\t\t\t\t<\/div>\n\t\t","protected":false},"excerpt":{"rendered":"<p>Allgemeine Verkaufs- und Lieferbedingungen der LaVision GmbH Download AGB Allgemeine Verkaufs- und Lieferbedingungen der LaVision GmbH g\u00fcltig ab 01.07.2025 Allgemeine Bedingungen 1.1 Unsere Verkaufs- und Lieferbedingungen gelten f\u00fcr alle Angebote, Verk\u00e4ufe, Lieferungen, Reparaturen und sonstige Leistungen. 1.2 Abweichungen von diesen Verkaufs- und Lieferbedingungen sind nur wirksam, wenn diese schriftlich vereinbart werden. 1.3 Anderslautende Vertragsbedingungen des [&hellip;]<\/p>\n","protected":false},"author":1,"featured_media":0,"parent":0,"menu_order":0,"comment_status":"closed","ping_status":"closed","template":"","meta":{"footnotes":""},"seitenkategorie":[],"class_list":["post-10008","page","type-page","status-publish","hentry"],"yoast_head":"<!-- This site is optimized with the Yoast SEO Premium plugin v26.7 (Yoast SEO v27.4) - https:\/\/yoast.com\/product\/yoast-seo-premium-wordpress\/ -->\n<title>AGB - LaVision<\/title>\n<meta name=\"robots\" content=\"index, follow, max-snippet:-1, max-image-preview:large, max-video-preview:-1\" \/>\n<link rel=\"canonical\" href=\"https:\/\/industry-lavision.com\/de\/agb\/\" \/>\n<meta property=\"og:locale\" content=\"de_DE\" \/>\n<meta property=\"og:type\" content=\"article\" \/>\n<meta property=\"og:title\" content=\"AGB\" \/>\n<meta property=\"og:description\" content=\"Allgemeine Verkaufs- und Lieferbedingungen der LaVision GmbH Download AGB Allgemeine Verkaufs- und Lieferbedingungen der LaVision GmbH g\u00fcltig ab 01.07.2025 Allgemeine Bedingungen 1.1 Unsere Verkaufs- und Lieferbedingungen gelten f\u00fcr alle Angebote, Verk\u00e4ufe, Lieferungen, Reparaturen und sonstige Leistungen. 1.2 Abweichungen von diesen Verkaufs- und Lieferbedingungen sind nur wirksam, wenn diese schriftlich vereinbart werden. 1.3 Anderslautende Vertragsbedingungen des [&hellip;]\" \/>\n<meta property=\"og:url\" content=\"https:\/\/industry-lavision.com\/de\/agb\/\" \/>\n<meta property=\"og:site_name\" content=\"LaVision\" \/>\n<meta property=\"article:modified_time\" content=\"2025-09-29T03:51:30+00:00\" \/>\n<meta name=\"twitter:card\" content=\"summary_large_image\" \/>\n<meta name=\"twitter:label1\" content=\"Gesch\u00e4tzte Lesezeit\" \/>\n\t<meta name=\"twitter:data1\" content=\"1\u00a0Minute\" \/>\n<script type=\"application\/ld+json\" class=\"yoast-schema-graph\">{\"@context\":\"https:\\\/\\\/schema.org\",\"@graph\":[{\"@type\":\"WebPage\",\"@id\":\"https:\\\/\\\/industry-lavision.com\\\/de\\\/agb\\\/\",\"url\":\"https:\\\/\\\/industry-lavision.com\\\/de\\\/agb\\\/\",\"name\":\"AGB - LaVision\",\"isPartOf\":{\"@id\":\"https:\\\/\\\/industry-lavision.com\\\/#website\"},\"datePublished\":\"2025-08-19T13:00:51+00:00\",\"dateModified\":\"2025-09-29T03:51:30+00:00\",\"breadcrumb\":{\"@id\":\"https:\\\/\\\/industry-lavision.com\\\/de\\\/agb\\\/#breadcrumb\"},\"inLanguage\":\"de\",\"potentialAction\":[{\"@type\":\"ReadAction\",\"target\":[\"https:\\\/\\\/industry-lavision.com\\\/de\\\/agb\\\/\"]}]},{\"@type\":\"BreadcrumbList\",\"@id\":\"https:\\\/\\\/industry-lavision.com\\\/de\\\/agb\\\/#breadcrumb\",\"itemListElement\":[{\"@type\":\"ListItem\",\"position\":1,\"name\":\"Startseite\",\"item\":\"https:\\\/\\\/industry-lavision.com\\\/\"},{\"@type\":\"ListItem\",\"position\":2,\"name\":\"AGB\"}]},{\"@type\":\"WebSite\",\"@id\":\"https:\\\/\\\/industry-lavision.com\\\/#website\",\"url\":\"https:\\\/\\\/industry-lavision.com\\\/\",\"name\":\"LaVision\",\"description\":\"\",\"publisher\":{\"@id\":\"https:\\\/\\\/industry-lavision.com\\\/#organization\"},\"potentialAction\":[{\"@type\":\"SearchAction\",\"target\":{\"@type\":\"EntryPoint\",\"urlTemplate\":\"https:\\\/\\\/industry-lavision.com\\\/?s={search_term_string}\"},\"query-input\":{\"@type\":\"PropertyValueSpecification\",\"valueRequired\":true,\"valueName\":\"search_term_string\"}}],\"inLanguage\":\"de\"},{\"@type\":\"Organization\",\"@id\":\"https:\\\/\\\/industry-lavision.com\\\/#organization\",\"name\":\"LaVision\",\"url\":\"https:\\\/\\\/industry-lavision.com\\\/\",\"logo\":{\"@type\":\"ImageObject\",\"inLanguage\":\"de\",\"@id\":\"https:\\\/\\\/industry-lavision.com\\\/#\\\/schema\\\/logo\\\/image\\\/\",\"url\":\"https:\\\/\\\/industry-lavision.com\\\/wp-content\\\/uploads\\\/2024\\\/12\\\/lavi.png\",\"contentUrl\":\"https:\\\/\\\/industry-lavision.com\\\/wp-content\\\/uploads\\\/2024\\\/12\\\/lavi.png\",\"width\":1197,\"height\":723,\"caption\":\"LaVision\"},\"image\":{\"@id\":\"https:\\\/\\\/industry-lavision.com\\\/#\\\/schema\\\/logo\\\/image\\\/\"}}]}<\/script>\n<!-- \/ Yoast SEO Premium plugin. -->","yoast_head_json":{"title":"AGB - LaVision","robots":{"index":"index","follow":"follow","max-snippet":"max-snippet:-1","max-image-preview":"max-image-preview:large","max-video-preview":"max-video-preview:-1"},"canonical":"https:\/\/industry-lavision.com\/de\/agb\/","og_locale":"de_DE","og_type":"article","og_title":"AGB","og_description":"Allgemeine Verkaufs- und Lieferbedingungen der LaVision GmbH Download AGB Allgemeine Verkaufs- und Lieferbedingungen der LaVision GmbH g\u00fcltig ab 01.07.2025 Allgemeine Bedingungen 1.1 Unsere Verkaufs- und Lieferbedingungen gelten f\u00fcr alle Angebote, Verk\u00e4ufe, Lieferungen, Reparaturen und sonstige Leistungen. 1.2 Abweichungen von diesen Verkaufs- und Lieferbedingungen sind nur wirksam, wenn diese schriftlich vereinbart werden. 1.3 Anderslautende Vertragsbedingungen des [&hellip;]","og_url":"https:\/\/industry-lavision.com\/de\/agb\/","og_site_name":"LaVision","article_modified_time":"2025-09-29T03:51:30+00:00","twitter_card":"summary_large_image","twitter_misc":{"Gesch\u00e4tzte Lesezeit":"1\u00a0Minute"},"schema":{"@context":"https:\/\/schema.org","@graph":[{"@type":"WebPage","@id":"https:\/\/industry-lavision.com\/de\/agb\/","url":"https:\/\/industry-lavision.com\/de\/agb\/","name":"AGB - LaVision","isPartOf":{"@id":"https:\/\/industry-lavision.com\/#website"},"datePublished":"2025-08-19T13:00:51+00:00","dateModified":"2025-09-29T03:51:30+00:00","breadcrumb":{"@id":"https:\/\/industry-lavision.com\/de\/agb\/#breadcrumb"},"inLanguage":"de","potentialAction":[{"@type":"ReadAction","target":["https:\/\/industry-lavision.com\/de\/agb\/"]}]},{"@type":"BreadcrumbList","@id":"https:\/\/industry-lavision.com\/de\/agb\/#breadcrumb","itemListElement":[{"@type":"ListItem","position":1,"name":"Startseite","item":"https:\/\/industry-lavision.com\/"},{"@type":"ListItem","position":2,"name":"AGB"}]},{"@type":"WebSite","@id":"https:\/\/industry-lavision.com\/#website","url":"https:\/\/industry-lavision.com\/","name":"LaVision","description":"","publisher":{"@id":"https:\/\/industry-lavision.com\/#organization"},"potentialAction":[{"@type":"SearchAction","target":{"@type":"EntryPoint","urlTemplate":"https:\/\/industry-lavision.com\/?s={search_term_string}"},"query-input":{"@type":"PropertyValueSpecification","valueRequired":true,"valueName":"search_term_string"}}],"inLanguage":"de"},{"@type":"Organization","@id":"https:\/\/industry-lavision.com\/#organization","name":"LaVision","url":"https:\/\/industry-lavision.com\/","logo":{"@type":"ImageObject","inLanguage":"de","@id":"https:\/\/industry-lavision.com\/#\/schema\/logo\/image\/","url":"https:\/\/industry-lavision.com\/wp-content\/uploads\/2024\/12\/lavi.png","contentUrl":"https:\/\/industry-lavision.com\/wp-content\/uploads\/2024\/12\/lavi.png","width":1197,"height":723,"caption":"LaVision"},"image":{"@id":"https:\/\/industry-lavision.com\/#\/schema\/logo\/image\/"}}]}},"_links":{"self":[{"href":"https:\/\/industry-lavision.com\/de\/wp-json\/wp\/v2\/pages\/10008","targetHints":{"allow":["GET"]}}],"collection":[{"href":"https:\/\/industry-lavision.com\/de\/wp-json\/wp\/v2\/pages"}],"about":[{"href":"https:\/\/industry-lavision.com\/de\/wp-json\/wp\/v2\/types\/page"}],"author":[{"embeddable":true,"href":"https:\/\/industry-lavision.com\/de\/wp-json\/wp\/v2\/users\/1"}],"replies":[{"embeddable":true,"href":"https:\/\/industry-lavision.com\/de\/wp-json\/wp\/v2\/comments?post=10008"}],"version-history":[{"count":4,"href":"https:\/\/industry-lavision.com\/de\/wp-json\/wp\/v2\/pages\/10008\/revisions"}],"predecessor-version":[{"id":11482,"href":"https:\/\/industry-lavision.com\/de\/wp-json\/wp\/v2\/pages\/10008\/revisions\/11482"}],"wp:attachment":[{"href":"https:\/\/industry-lavision.com\/de\/wp-json\/wp\/v2\/media?parent=10008"}],"wp:term":[{"taxonomy":"seitenkategorie","embeddable":true,"href":"https:\/\/industry-lavision.com\/de\/wp-json\/wp\/v2\/seitenkategorie?post=10008"}],"curies":[{"name":"wp","href":"https:\/\/api.w.org\/{rel}","templated":true}]}}