{"id":10016,"date":"2025-08-19T15:13:35","date_gmt":"2025-08-19T13:13:35","guid":{"rendered":"https:\/\/industry-lavision.com\/?page_id=10016"},"modified":"2026-03-11T06:37:30","modified_gmt":"2026-03-11T04:37:30","slug":"rma-richtlinie","status":"publish","type":"page","link":"https:\/\/industry-lavision.com\/de\/rma-richtlinie\/","title":{"rendered":"RMA Richtlinie"},"content":{"rendered":"\t\t<div data-elementor-type=\"wp-page\" data-elementor-id=\"10016\" class=\"elementor elementor-10016\" data-elementor-post-type=\"page\">\n\t\t\t\t<div class=\"elementor-element elementor-element-d08e588 e-flex e-con-boxed e-con e-parent\" data-id=\"d08e588\" data-element_type=\"container\" data-e-type=\"container\" data-settings=\"{&quot;jet_parallax_layout_list&quot;:[]}\">\n\t\t\t\t\t<div class=\"e-con-inner\">\n\t\t\t\t<div class=\"elementor-element elementor-element-3282eee elementor-widget elementor-widget-heading\" data-id=\"3282eee\" data-element_type=\"widget\" data-e-type=\"widget\" data-widget_type=\"heading.default\">\n\t\t\t\t\t<h1 class=\"elementor-heading-title elementor-size-default\">LaVision GmbH \u2013 RMA-Richtlinie \n\n\n<\/h1>\t\t\t\t<\/div>\n\t\t\t\t<div class=\"elementor-element elementor-element-9bb82af elementor-widget elementor-widget-text-editor\" data-id=\"9bb82af\" data-element_type=\"widget\" data-e-type=\"widget\" data-widget_type=\"text-editor.default\">\n\t\t\t\t\t\t\t\t\t<p>RMA-RICHTLINIE<\/p><p><strong>RMA-VERFAHREN<\/strong><\/p><p>Wann immer Sie Material zur \u00dcberpr\u00fcfung oder Reparatur an die LaVision GmbH zur\u00fccksenden m\u00f6chten, m\u00fcssen Sie vorab eine Return Material Authorization (RMA) Nummer anfordern. Bitte beachten Sie, dass wir uns das Recht vorbehalten, R\u00fccksendungen ohne RMA-Nummer abzulehnen. Um eine RMA-Nummer zu erhalten, kontaktieren Sie bitte Ihren lokalen H\u00e4ndler oder senden Sie eine E-Mail an service@lavision.com. Bitte geben Sie Artikel- und Seriennummern aller Ger\u00e4te an, die Sie zur\u00fccksenden m\u00f6chten, sowie eine kurze Fehlerbeschreibung. Die LaVision GmbH sendet Ihnen daraufhin ein RMA-Formular per E-Mail zu. Bitte pr\u00fcfen Sie die Ger\u00e4teliste und Ihre Kontaktdaten, korrigieren Sie diese bei Bedarf, unterschreiben Sie das Formular und legen Sie es den Versandunterlagen bei. Bringen Sie das Versandetikett gut sichtbar an Ihrer R\u00fccksendung an. Die Produkte m\u00fcssen frachtfrei, in der Originalverpackung und mit geeigneter Schutzverpackung zur\u00fcckgesendet werden. Die LaVision GmbH \u00fcbernimmt keine Verantwortung f\u00fcr Sch\u00e4den, die w\u00e4hrend des Transports entstehen. Nach Erhalt der Artikel erhalten Sie an die im RMA-Formular angegebene E-Mail-Adresse eine Eingangsbest\u00e4tigung. Nach Pr\u00fcfung der Artikel wird Ihnen ein Kostenvoranschlag zugesendet, sofern die Reparatur nicht kostenfrei ist. Die Reparatur erfolgt nach Erhalt Ihrer Bestellung.<\/p><p><strong>BESTELLUNG <\/strong>(PURCHASE ORDER)<\/p><p>Wenn Ihr System nicht mehr unter Garantie steht oder Teile der Garantie abgelaufen sind, ben\u00f6tigen wir eine Bestellung entsprechend unserem Kostenvoranschlag, um die Reparatur durchzuf\u00fchren. Befindet sich Ihr System noch in der Garantiezeit, werden berechtigte Reparaturen kostenlos durchgef\u00fchrt. Sollte sich bei der Pr\u00fcfung herausstellen, dass die Garantie erloschen ist, informieren wir Sie umgehend \u00fcber die entstehenden Reparaturkosten.<\/p><p><strong>REPARATUR-GARANTIE<\/strong><\/p><p>Alle von LaVision GmbH reparierten Artikel haben eine Garantie von 90 Tagen. Dieser Zeitraum gilt nur f\u00fcr die reparierte Komponente, unabh\u00e4ngig vom urspr\u00fcnglichen Garantiestatus. Bei Reparaturen innerhalb der Garantiezeit gilt entweder die urspr\u00fcngliche Garantiefrist oder 90 Tage \u2013 je nachdem, welcher Zeitraum l\u00e4nger ist.<\/p><p><strong>VERSANDRICHTLINIE<\/strong><\/p><p>Alle R\u00fccksendungen an die LaVision GmbH m\u00fcssen frachtfrei erfolgen und die RMA-Nummer muss deutlich auf dem Versandetikett und Frachtbrief angegeben sein. R\u00fccksendungen ohne sichtbare RMA-Nummer k\u00f6nnen abgelehnt und auf Kosten des Kunden zur\u00fcckgesendet werden. F\u00fcr alle R\u00fccksendungen ist eine geeignete Verpackung erforderlich. Der Kunde haftet f\u00fcr Sch\u00e4den w\u00e4hrend des Transports. Falls f\u00fcr den R\u00fcckversand neue Verpackungsmaterialien ben\u00f6tigt werden, werden diese dem Kunden in Rechnung gestellt.<\/p><p><strong>VERPACKUNG<\/strong><\/p><p>Stellen Sie sicher, dass das Produkt sicher in der Originalverpackung oder vergleichbarer geeigneter Verpackung zur\u00fcckgesendet wird. Der Kunde ist f\u00fcr eine sichere Verpackung verantwortlich. Sch\u00e4den durch unzureichende Verpackung sind nicht durch Garantie abgedeckt. F\u00fcr den Versand folgender Komponenten beachten Sie bitte:<\/p><ul><li>Laser: K\u00fchlwasser entfernen und Original-Transportkiste verwenden.<\/li><li>Laserarm: Original-Transportkiste verwenden.<\/li><li>Computer: Virenfrei, ggf. Passwort f\u00fcr Administrator-Zugang angeben oder entfernen.<\/li><li>Elektronik (Framegrabber, PTU etc.): Antistatische Beutel (ESD) und geeignete Boxen verwenden.<\/li><li>Optische\/empfindliche Komponenten: Schutz vor Kontamination w\u00e4hrend des Transports sicherstellen.<\/li><li>Legen Sie das RMA-Formular mit RMA-Nummer und Ger\u00e4teinformationen bei. Geben Sie vollst\u00e4ndige Kontaktdaten (Name, Versandadresse, E-Mail) an.<\/li><\/ul><p><strong>\u00a0<\/strong><\/p><p><strong>BESCHRIFTUNG DER VERPACKUNG<\/strong><\/p><p>Bringen Sie das Versandetikett gut sichtbar au\u00dfen am Paket an. Die Versandadresse und RMA-Nummer m\u00fcssen au\u00dfen deutlich erkennbar sein. R\u00fccksendungen ohne au\u00dfen sichtbare RMA-Nummer k\u00f6nnen abgelehnt werden.<\/p><p><strong>VERSICHERUNG<\/strong><\/p><p>Stellen Sie sicher, dass das Produkt vor dem Versand ausreichend versichert ist.<\/p><p><strong>\u00a0<\/strong><strong>NICHT-KONTAMINATIONSERKL\u00c4RUNG<\/strong><\/p><p>Hiermit best\u00e4tigen wir, dass das oben genannte Ger\u00e4t gereinigt wurde, dass alle Anschl\u00fcsse verschlossen sind, dass sich keine giftigen, aggressiven, radioaktiven oder sonst gef\u00e4hrlichen Substanzen im oder am Ger\u00e4t befinden und dass alle Zubeh\u00f6rteile entfernt wurden.<\/p><p style=\"font-weight: 400;\"><strong>G\u00dcLTIGKEITSDAUER<\/strong><\/p><p style=\"font-weight: 400;\">Bitte beachten Sie, dass die RMA-Nummer nur f\u00fcr einen begrenzten Zeitraum g\u00fcltig ist. Sollten die zur Reparatur vorgesehenen Ger\u00e4te oder Komponenten nicht innerhalb von acht Wochen nach Ausstellung der RMA bei uns eingehen, behalten wir uns das Recht vor, den Servicevorgang ohne weitere Benachrichtigung zu schlie\u00dfen.<\/p><p style=\"font-weight: 400;\">Gehen Sendungen nach Ablauf dieses Zeitraums bei uns ein, werden diese so behandelt, als w\u00e4ren sie ohne g\u00fcltige RMA-Nummer eingesendet worden.<\/p>\t\t\t\t\t\t\t\t<\/div>\n\t\t\t\t\t<\/div>\n\t\t\t\t<\/div>\n\t\t\t\t<\/div>\n\t\t","protected":false},"excerpt":{"rendered":"<p>LaVision GmbH \u2013 RMA-Richtlinie RMA-RICHTLINIE RMA-VERFAHREN Wann immer Sie Material zur \u00dcberpr\u00fcfung oder Reparatur an die LaVision GmbH zur\u00fccksenden m\u00f6chten, m\u00fcssen Sie vorab eine Return Material Authorization (RMA) Nummer anfordern. Bitte beachten Sie, dass wir uns das Recht vorbehalten, R\u00fccksendungen ohne RMA-Nummer abzulehnen. Um eine RMA-Nummer zu erhalten, kontaktieren Sie bitte Ihren lokalen H\u00e4ndler oder [&hellip;]<\/p>\n","protected":false},"author":1,"featured_media":0,"parent":0,"menu_order":0,"comment_status":"closed","ping_status":"closed","template":"","meta":{"footnotes":""},"seitenkategorie":[],"class_list":["post-10016","page","type-page","status-publish","hentry"],"yoast_head":"<!-- This site is optimized with the Yoast SEO Premium plugin v26.7 (Yoast SEO v27.4) - https:\/\/yoast.com\/product\/yoast-seo-premium-wordpress\/ -->\n<title>RMA Richtlinie - LaVision<\/title>\n<meta name=\"robots\" content=\"index, follow, max-snippet:-1, max-image-preview:large, max-video-preview:-1\" \/>\n<link rel=\"canonical\" href=\"https:\/\/industry-lavision.com\/de\/rma-richtlinie\/\" \/>\n<meta property=\"og:locale\" content=\"de_DE\" \/>\n<meta property=\"og:type\" content=\"article\" \/>\n<meta property=\"og:title\" content=\"RMA Richtlinie\" \/>\n<meta property=\"og:description\" content=\"LaVision GmbH \u2013 RMA-Richtlinie RMA-RICHTLINIE RMA-VERFAHREN Wann immer Sie Material zur \u00dcberpr\u00fcfung oder Reparatur an die LaVision GmbH zur\u00fccksenden m\u00f6chten, m\u00fcssen Sie vorab eine Return Material Authorization (RMA) Nummer anfordern. Bitte beachten Sie, dass wir uns das Recht vorbehalten, R\u00fccksendungen ohne RMA-Nummer abzulehnen. Um eine RMA-Nummer zu erhalten, kontaktieren Sie bitte Ihren lokalen H\u00e4ndler oder [&hellip;]\" \/>\n<meta property=\"og:url\" content=\"https:\/\/industry-lavision.com\/de\/rma-richtlinie\/\" \/>\n<meta property=\"og:site_name\" content=\"LaVision\" \/>\n<meta property=\"article:modified_time\" content=\"2026-03-11T04:37:30+00:00\" \/>\n<meta name=\"twitter:card\" content=\"summary_large_image\" \/>\n<meta name=\"twitter:label1\" content=\"Gesch\u00e4tzte Lesezeit\" \/>\n\t<meta name=\"twitter:data1\" content=\"4\u00a0Minuten\" \/>\n<script type=\"application\/ld+json\" class=\"yoast-schema-graph\">{\"@context\":\"https:\\\/\\\/schema.org\",\"@graph\":[{\"@type\":\"WebPage\",\"@id\":\"https:\\\/\\\/industry-lavision.com\\\/de\\\/rma-richtlinie\\\/\",\"url\":\"https:\\\/\\\/industry-lavision.com\\\/de\\\/rma-richtlinie\\\/\",\"name\":\"RMA Richtlinie - LaVision\",\"isPartOf\":{\"@id\":\"https:\\\/\\\/industry-lavision.com\\\/#website\"},\"datePublished\":\"2025-08-19T13:13:35+00:00\",\"dateModified\":\"2026-03-11T04:37:30+00:00\",\"breadcrumb\":{\"@id\":\"https:\\\/\\\/industry-lavision.com\\\/de\\\/rma-richtlinie\\\/#breadcrumb\"},\"inLanguage\":\"de\",\"potentialAction\":[{\"@type\":\"ReadAction\",\"target\":[\"https:\\\/\\\/industry-lavision.com\\\/de\\\/rma-richtlinie\\\/\"]}]},{\"@type\":\"BreadcrumbList\",\"@id\":\"https:\\\/\\\/industry-lavision.com\\\/de\\\/rma-richtlinie\\\/#breadcrumb\",\"itemListElement\":[{\"@type\":\"ListItem\",\"position\":1,\"name\":\"Startseite\",\"item\":\"https:\\\/\\\/industry-lavision.com\\\/\"},{\"@type\":\"ListItem\",\"position\":2,\"name\":\"RMA Richtlinie\"}]},{\"@type\":\"WebSite\",\"@id\":\"https:\\\/\\\/industry-lavision.com\\\/#website\",\"url\":\"https:\\\/\\\/industry-lavision.com\\\/\",\"name\":\"LaVision\",\"description\":\"\",\"publisher\":{\"@id\":\"https:\\\/\\\/industry-lavision.com\\\/#organization\"},\"potentialAction\":[{\"@type\":\"SearchAction\",\"target\":{\"@type\":\"EntryPoint\",\"urlTemplate\":\"https:\\\/\\\/industry-lavision.com\\\/?s={search_term_string}\"},\"query-input\":{\"@type\":\"PropertyValueSpecification\",\"valueRequired\":true,\"valueName\":\"search_term_string\"}}],\"inLanguage\":\"de\"},{\"@type\":\"Organization\",\"@id\":\"https:\\\/\\\/industry-lavision.com\\\/#organization\",\"name\":\"LaVision\",\"url\":\"https:\\\/\\\/industry-lavision.com\\\/\",\"logo\":{\"@type\":\"ImageObject\",\"inLanguage\":\"de\",\"@id\":\"https:\\\/\\\/industry-lavision.com\\\/#\\\/schema\\\/logo\\\/image\\\/\",\"url\":\"https:\\\/\\\/industry-lavision.com\\\/wp-content\\\/uploads\\\/2024\\\/12\\\/lavi.png\",\"contentUrl\":\"https:\\\/\\\/industry-lavision.com\\\/wp-content\\\/uploads\\\/2024\\\/12\\\/lavi.png\",\"width\":1197,\"height\":723,\"caption\":\"LaVision\"},\"image\":{\"@id\":\"https:\\\/\\\/industry-lavision.com\\\/#\\\/schema\\\/logo\\\/image\\\/\"}}]}<\/script>\n<!-- \/ Yoast SEO Premium plugin. -->","yoast_head_json":{"title":"RMA Richtlinie - LaVision","robots":{"index":"index","follow":"follow","max-snippet":"max-snippet:-1","max-image-preview":"max-image-preview:large","max-video-preview":"max-video-preview:-1"},"canonical":"https:\/\/industry-lavision.com\/de\/rma-richtlinie\/","og_locale":"de_DE","og_type":"article","og_title":"RMA Richtlinie","og_description":"LaVision GmbH \u2013 RMA-Richtlinie RMA-RICHTLINIE RMA-VERFAHREN Wann immer Sie Material zur \u00dcberpr\u00fcfung oder Reparatur an die LaVision GmbH zur\u00fccksenden m\u00f6chten, m\u00fcssen Sie vorab eine Return Material Authorization (RMA) Nummer anfordern. Bitte beachten Sie, dass wir uns das Recht vorbehalten, R\u00fccksendungen ohne RMA-Nummer abzulehnen. Um eine RMA-Nummer zu erhalten, kontaktieren Sie bitte Ihren lokalen H\u00e4ndler oder [&hellip;]","og_url":"https:\/\/industry-lavision.com\/de\/rma-richtlinie\/","og_site_name":"LaVision","article_modified_time":"2026-03-11T04:37:30+00:00","twitter_card":"summary_large_image","twitter_misc":{"Gesch\u00e4tzte Lesezeit":"4\u00a0Minuten"},"schema":{"@context":"https:\/\/schema.org","@graph":[{"@type":"WebPage","@id":"https:\/\/industry-lavision.com\/de\/rma-richtlinie\/","url":"https:\/\/industry-lavision.com\/de\/rma-richtlinie\/","name":"RMA Richtlinie - LaVision","isPartOf":{"@id":"https:\/\/industry-lavision.com\/#website"},"datePublished":"2025-08-19T13:13:35+00:00","dateModified":"2026-03-11T04:37:30+00:00","breadcrumb":{"@id":"https:\/\/industry-lavision.com\/de\/rma-richtlinie\/#breadcrumb"},"inLanguage":"de","potentialAction":[{"@type":"ReadAction","target":["https:\/\/industry-lavision.com\/de\/rma-richtlinie\/"]}]},{"@type":"BreadcrumbList","@id":"https:\/\/industry-lavision.com\/de\/rma-richtlinie\/#breadcrumb","itemListElement":[{"@type":"ListItem","position":1,"name":"Startseite","item":"https:\/\/industry-lavision.com\/"},{"@type":"ListItem","position":2,"name":"RMA Richtlinie"}]},{"@type":"WebSite","@id":"https:\/\/industry-lavision.com\/#website","url":"https:\/\/industry-lavision.com\/","name":"LaVision","description":"","publisher":{"@id":"https:\/\/industry-lavision.com\/#organization"},"potentialAction":[{"@type":"SearchAction","target":{"@type":"EntryPoint","urlTemplate":"https:\/\/industry-lavision.com\/?s={search_term_string}"},"query-input":{"@type":"PropertyValueSpecification","valueRequired":true,"valueName":"search_term_string"}}],"inLanguage":"de"},{"@type":"Organization","@id":"https:\/\/industry-lavision.com\/#organization","name":"LaVision","url":"https:\/\/industry-lavision.com\/","logo":{"@type":"ImageObject","inLanguage":"de","@id":"https:\/\/industry-lavision.com\/#\/schema\/logo\/image\/","url":"https:\/\/industry-lavision.com\/wp-content\/uploads\/2024\/12\/lavi.png","contentUrl":"https:\/\/industry-lavision.com\/wp-content\/uploads\/2024\/12\/lavi.png","width":1197,"height":723,"caption":"LaVision"},"image":{"@id":"https:\/\/industry-lavision.com\/#\/schema\/logo\/image\/"}}]}},"_links":{"self":[{"href":"https:\/\/industry-lavision.com\/de\/wp-json\/wp\/v2\/pages\/10016","targetHints":{"allow":["GET"]}}],"collection":[{"href":"https:\/\/industry-lavision.com\/de\/wp-json\/wp\/v2\/pages"}],"about":[{"href":"https:\/\/industry-lavision.com\/de\/wp-json\/wp\/v2\/types\/page"}],"author":[{"embeddable":true,"href":"https:\/\/industry-lavision.com\/de\/wp-json\/wp\/v2\/users\/1"}],"replies":[{"embeddable":true,"href":"https:\/\/industry-lavision.com\/de\/wp-json\/wp\/v2\/comments?post=10016"}],"version-history":[{"count":4,"href":"https:\/\/industry-lavision.com\/de\/wp-json\/wp\/v2\/pages\/10016\/revisions"}],"predecessor-version":[{"id":12165,"href":"https:\/\/industry-lavision.com\/de\/wp-json\/wp\/v2\/pages\/10016\/revisions\/12165"}],"wp:attachment":[{"href":"https:\/\/industry-lavision.com\/de\/wp-json\/wp\/v2\/media?parent=10016"}],"wp:term":[{"taxonomy":"seitenkategorie","embeddable":true,"href":"https:\/\/industry-lavision.com\/de\/wp-json\/wp\/v2\/seitenkategorie?post=10016"}],"curies":[{"name":"wp","href":"https:\/\/api.w.org\/{rel}","templated":true}]}}