{"id":10024,"date":"2025-08-19T15:16:09","date_gmt":"2025-08-19T13:16:09","guid":{"rendered":"https:\/\/industry-lavision.com\/?page_id=10024"},"modified":"2026-03-11T07:15:42","modified_gmt":"2026-03-11T05:15:42","slug":"code-of-conduct","status":"publish","type":"page","link":"https:\/\/industry-lavision.com\/de\/code-of-conduct\/","title":{"rendered":"Code of Conduct"},"content":{"rendered":"\t\t<div data-elementor-type=\"wp-page\" data-elementor-id=\"10024\" class=\"elementor elementor-10024\" data-elementor-post-type=\"page\">\n\t\t\t\t<div class=\"elementor-element elementor-element-8503383 e-flex e-con-boxed e-con e-parent\" data-id=\"8503383\" data-element_type=\"container\" data-e-type=\"container\" data-settings=\"{&quot;jet_parallax_layout_list&quot;:[]}\">\n\t\t\t\t\t<div class=\"e-con-inner\">\n\t\t\t\t<div class=\"elementor-element elementor-element-895d11b elementor-widget elementor-widget-heading\" data-id=\"895d11b\" data-element_type=\"widget\" data-e-type=\"widget\" data-widget_type=\"heading.default\">\n\t\t\t\t\t<h1 class=\"elementor-heading-title elementor-size-default\">Code of Conduct der LaVision GmbH\n\n\n<\/h1>\t\t\t\t<\/div>\n\t\t\t\t<div class=\"elementor-element elementor-element-0cc8d80 elementor-widget elementor-widget-text-editor\" data-id=\"0cc8d80\" data-element_type=\"widget\" data-e-type=\"widget\" data-widget_type=\"text-editor.default\">\n\t\t\t\t\t\t\t\t\t<h2 data-key=\"0Bp7I\">1 Einleitung \/ Pr\u00e4ambel<\/h2><p>Die LaVision GmbH (im Folgenden \u201eLaVision\u201c) ist ein weltweit f\u00fchrender Anbieter von optischen Mess-, Bildgebungs- und Analysesystemen f\u00fcr wissenschaftliche und industrielle Anwendungen, insbesondere im Bereich der bildgebenden (lasergest\u00fctzten) Str\u00f6mungsmesstechnik. Das Unternehmen entwickelt und liefert integrierte Komplettl\u00f6sungen der optischen Messtechnik und tr\u00e4gt mit seinen Innovationen ma\u00dfgeblich zur Weiterentwicklung bildgebender Messtechnik, neuartiger optischer Sensoren, spektroskopischer Methoden, Lasern, Messtechnologien und Softwarewerkzeugen bei.<\/p><p>LaVision bekennt sich zu einer \u00f6kologisch und sozial verantwortungsvollen Unternehmensf\u00fchrung. Auch bei unseren Mitarbeitenden setzen wir voraus, dass die Grunds\u00e4tze \u00f6kologischen, sozialen und ethischen Verhaltens beachtet und in die Unternehmenskultur integriert werden. Weiter sind wir bestrebt, laufend unser unternehmerisches Handeln sowie unsere Produkte und Dienstleistungen im Sinne der Nachhaltigkeit zu optimieren und fordern alle unsere Mitarbeitenden auf, dazu im Sinne eines ganzheitlichen Ansatzes beizutragen.<\/p><p>Der Code of Conduct der LaVision GmbH (im Folgenden \u201eCoC\u201c) basiert auf den Prinzipien national und international anerkannter Standards zur verantwortlichen Unternehmensf\u00fchrung. Zu diesen z\u00e4hlen z. B. nationale Gesetze und Vorschriften wie das Lieferkettensorgfaltspflichtengesetz (LkSG), das sich auf die Leits\u00e4tze f\u00fcr multinationale Unternehmen der Organisation f\u00fcr wirtschaftliche Zusammenarbeit (OECD) sowie die Arbeits- und Sozialstandards der Internationalen Arbeitsorganisation (ILO) bezieht.<\/p><p>Jede f\u00fcr die LaVision GmbH ausgef\u00fchrte T\u00e4tigkeit muss in Einklang mit diesem CoC sowie allen f\u00fcr die jeweilige T\u00e4tigkeit geltenden Gesetzen, Vorschriften, Bestimmungen und Richtlinien stehen. Unser CoC gilt f\u00fcr alle Mitarbeitenden und F\u00fchrungskr\u00e4fte unseres Unternehmens. Unsere F\u00fchrungskr\u00e4fte haben die Aufgabe, als Vorbild zu fungieren und dauerhaft daf\u00fcr zu sorgen, die Mitarbeitenden bei der Umsetzung der Verhaltensgrunds\u00e4tze zu unterst\u00fctzen. Die Gesch\u00e4ftsleitung verpflichtet sich dazu, die daf\u00fcr erforderlichen Rahmenbedingungen sicherzustellen.<\/p><p><strong><br \/>1.1 Unser Leitbild (Auszug)<\/strong><\/p><p>\u201eUnseren Kunden versprechen wir eine herausragende technische und wissenschaftliche Kompetenz bei hoher, verl\u00e4sslicher Qualit\u00e4t unserer Produkte. Wir verpflichten uns zur Einhaltung bindender Verpflichtungen, wie z. B. gesetzlicher und vertraglicher Anforderungen, halten ein, was wir versprechen, und handeln nachhaltig. Wettbewerbsf\u00e4hige Qualit\u00e4tsprodukte mit einem hohen Innovationsgrad und die systematische Erf\u00fcllung von Kundenanforderungen sind die Eckpfeiler f\u00fcr unsere jetzige und auch zuk\u00fcnftige erfolgreiche Firmenstrategie. Die dazu notwendigen Voraussetzungen am Arbeitsplatz, in der Organisationsstruktur f\u00fcr optimale und effiziente Arbeitsprozesse sowie unser Qualit\u00e4tsmanagementsystem werden von uns kontinuierlich verbessert, weiterentwickelt und auf ihre Wirksamkeit hin gepr\u00fcft.\u201c<\/p><p><strong>2 Unsere Grundprinzipien<\/strong><\/p><p>Unseren Anspruch, alle Gesch\u00e4fte in ethisch und rechtlich konformer Weise zu t\u00e4tigen, verbinden wir untrennbar mit der Achtung der Menschenrechte. Die LaVision erwartet von allen Mitarbeitenden insbesondere die Einhaltung folgender sozialer und \u00f6kologischer Grundprinzipien.<\/p><p><strong>2.1 Soziale Verantwortung<\/strong><\/p><p>Unsere hoch motivierten Mitarbeitenden arbeiten in einem kreativen und attraktiven Arbeitsumfeld mit einer ausgewogenen Work-Life-Balance und erbringen so wettbewerbsf\u00e4hige Qualit\u00e4tsprodukte und Dienstleistungen. Die Zufriedenheit unserer Mitarbeitenden sowie die notwendigen und sinnvollen Investitionen bilden die solide Grundlage f\u00fcr ein erfolgreiches Handeln zum Wohle unserer Kunden.<\/p><p><strong>Wahrung der Menschenrechte<\/strong><\/p><p>Wir verpflichten uns zur strikten Einhaltung der geltenden Menschenrechte. Das beinhaltet die Einhaltung des Jugendarbeitsschutzgesetzes, das Verbot von Kinderarbeit, Zwangsarbeit, Sklaverei und von vergleichbaren ausbeutenden Arbeiten. Unsere Mitarbeitenden werden fair behandelt, frei von sexueller Bel\u00e4stigung, k\u00f6rperlichem Missbrauch, seelischen oder physischen Zw\u00e4ngen oder Beschimpfungen. Au\u00dferdem ber\u00fccksichtigen wir das Recht der Arbeitskr\u00e4fte auf Vereinigungsfreiheit, den Beitritt zu Gewerkschaften, die Anrufung der Arbeitskr\u00e4ftevertretung oder die Mitgliedschaft in Betriebsr\u00e4ten.<\/p><p><strong>Gesundheitsschutz und Sicherheit am Arbeitsplatz<\/strong><\/p><p>Wir verpflichten uns zur Wahrung eines sicheren und gesunden Arbeitsumfeldes. Durch Beachtung geltender Arbeitssicherheitsstandards und -verpflichtungen werden notwendige Vorsorgema\u00dfnahmen gegen Unf\u00e4lle und Gesundheitssch\u00e4den, die sich im Zusammenhang mit unseren T\u00e4tigkeiten ergeben k\u00f6nnen, getroffen. Dazu z\u00e4hlen unter anderem sichere Arbeitsabl\u00e4ufe, angemessene Kontrollen, vorbeugende Instandhaltungen und Schutzma\u00dfnahmen wie pers\u00f6nliche Schutzausr\u00fcstungen, Brandschutzpl\u00e4ne und Notfallpl\u00e4ne. Zudem werden die Besch\u00e4ftigten regelm\u00e4\u00dfig \u00fcber geltende Gesundheitsschutz- und Sicherheitsnormen sowie Ma\u00dfnahmen informiert und geschult.<\/p><p><strong>Diskriminierungsverbot<\/strong><\/p><p>Ein respektvoller und vorbildlicher Umgang im t\u00e4glichen Arbeitsleben miteinander ist f\u00fcr uns von h\u00f6chster Priorit\u00e4t. Wir dulden keine Diskriminierung von Mitarbeitenden in jeglicher Form. Dies gilt z. B. f\u00fcr Benachteiligungen aufgrund von ethnischer, nationaler oder sozialer Zugeh\u00f6rigkeit, Hautfarbe, Geschlecht, Religion, Weltanschauung, Alter, Behinderung, Schwangerschaft, sexueller Orientierung oder politischer Einstellung, soweit diese auf demokratischen Prinzipien und Toleranz gegen\u00fcber Andersdenkenden beruht. Die pers\u00f6nliche W\u00fcrde, Privatsph\u00e4re und Pers\u00f6nlichkeitsrechte jedes Einzelnen werden respektiert.<\/p><p><strong>Faire Arbeitsbedingungen<\/strong><\/p><p>Wir beachten die geltenden Bestimmungen des Arbeitsrechts. Regelungen zu Arbeitszeit, Bezahlung, Urlaub, Krankheit, Mutterschutz, Kinderbetreuung und mobilem Arbeiten werden von LaVision so umgesetzt, dass es Mitarbeitenden eine gute Vereinbarkeit von Arbeit und Privatleben erm\u00f6glicht.<\/p><p><strong>Beschwerdestelle<\/strong><\/p><p>LaVision hat eine Meldestelle f\u00fcr Hinweise auf Straftaten, Ordnungswidrigkeiten oder sonstige menschenrechtliche oder umweltbezogene Verletzungen eingerichtet. Die Anforderungen an diese Meldestelle ergeben sich aus dem Hinweisgeberschutzgesetz (HinSchG). Hinweise k\u00f6nnen bei LaVision unter den folgenden Kan\u00e4len abgegeben werden:<\/p><p>E-Mail an beschwerde@lavision.de oder complaint@lavision.com<\/p><p>Hinweise werden vertraulich behandelt. Hinweisgebende Personen werden im Rahmen der gesetzlichen Vorgaben vor Benachteiligung gesch\u00fctzt.<\/p><p><strong>2.2 \u00d6kologische Verantwortung<\/strong><\/p><p><strong>Einhaltung rechtlicher Vorgaben<\/strong><\/p><p>Wir verpflichten uns dazu, alle gesetzlichen Vorgaben und sonstigen bindenden Verpflichtungen betreffend Umwelt und Nachhaltigkeit einzuhalten.<\/p><p><strong>Energie- und Ressourceneffizienz steigern, Umweltauswirkungen verringern<\/strong><\/p><p>Wir gehen mit Umweltressourcen schonend um und vermeiden Gef\u00e4hrdungen f\u00fcr Mensch und Umwelt. Wir optimieren Verfahren und Prozesse mit dem Ziel, Rohstoffeinsatz, Abf\u00e4lle und Treibhausgasemissionen zu reduzieren. Angesichts des fortschreitenden Klimawandels erh\u00f6hen wir den Anteil an erneuerbaren Energien fortlaufend und bem\u00fchen uns darum, die Energieeffizienz unserer Prozesse und Anlagen fortlaufend zu verbessern.<\/p><p>Wir pflegen ein Umweltmanagementsystem, mit dem wir unsere Umweltaspekte untersuchen und Ziele verfolgen, um unsere Umweltleistung zu verbessern. Dieses ist Teil eines Nachhaltigkeitsmanagementsystems, im Rahmen dessen wir vorsehen, zuk\u00fcnftig einen Bericht gem\u00e4\u00df DNK zu erstellen. Dabei streben wir eine enge Zusammenarbeit mit unseren Mitarbeitenden an, um ihre individuellen Beitr\u00e4ge einbringen zu k\u00f6nnen.<br \/>Das Umweltmanagementsystem ist gem\u00e4\u00df der Norm ISO 14001 aufgebaut und zertifiziert.<\/p><p><strong>2.3 Ethisches Gesch\u00e4ftsverhalten<\/strong><\/p><p>Unseren Partnern versprechen wir eine faire Zusammenarbeit zum gegenseitigen Nutzen, eine gemeinsame Weiterentwicklung von High-Tech-Produkten sowie eine konstruktive Mitarbeit in gemeinsamen wissenschaftlichen Kooperationen.<\/p><p><strong>Fairer Wettbewerb<\/strong><\/p><p>Die Mitarbeitenden gew\u00e4hrleisten, dass deren Gesch\u00e4ftspraktiken mit dem geltenden Kartell- und Wettbewerbsrecht vereinbar sind. Die Mitarbeitenden treffen keine unzul\u00e4ssigen Vereinbarungen mit Wettbewerbern und \u00fcben keinerlei Handlungen aus, die den Wettbewerb in unfairer Weise beeintr\u00e4chtigen k\u00f6nnten. Dazu geh\u00f6ren z. B. Preisabsprachen oder die Aufteilung von M\u00e4rkten.<\/p><p><strong>Exportbeschr\u00e4nkungen und Sanktionskontrolle<\/strong><\/p><p>Wir verpflichten uns zur unbedingten Einhaltung s\u00e4mtlicher geltenden Gesetze zu Ausfuhrkontrollen und Wirtschaftssanktionen.<\/p><p><strong>Integrit\u00e4t, Vorteilnahme und Interessenkonflikte<\/strong><\/p><p>Unseren Gesch\u00e4ftsaktivit\u00e4ten liegen h\u00f6chste Integrit\u00e4tsstandards zugrunde. Wir verfolgen eine Null-Toleranz-Politik gegen\u00fcber allen Formen von Bestechung, Korruption, Erpressung und Unterschlagung. Dieses gilt f\u00fcr s\u00e4mtliche Aktivit\u00e4ten zwischen Mitarbeitenden der LaVision und Mitarbeitenden oder Vertretern von staatlichen, \u00f6ffentlichen, nationalen oder internationalen Organisationen oder sonstigen Dritten, im \u00f6ffentlichen wie im privaten Sektor. Bei unseren Gesch\u00e4ftsbeziehungen versuchen wir, Interessenkonflikte zu erkennen und zu vermeiden. Die Mitarbeitenden sind zur Einhaltung aller lokal geltenden Bestechungsbek\u00e4mpfungsgesetze verpflichtet. Unsere finanziellen Transaktionen werden aufgezeichnet und dahingehend gepr\u00fcft.<\/p><p><strong>Datenschutz<\/strong><\/p><p>Wir verpflichten uns, bez\u00fcglich des Schutzes privater Informationen den angemessenen Erwartungen unserer Auftraggeber, der Zulieferer, Kunden, Verbraucher und Arbeitnehmer gerecht zu werden. Die Mitarbeitenden haben bei der Erfassung, Speicherung, Verarbeitung, \u00dcbermittlung und Weitergabe von pers\u00f6nlichen Informationen die Gesetze zu Datenschutz und Informationssicherheit sowie die beh\u00f6rdlichen Vorschriften zu beachten.<\/p><p><strong>Vertraulichkeit und geistiges Eigentum<\/strong><\/p><p>Wir respektieren die Rechte an geistigem Eigentum. Technologie- und Know-how-Transfers haben so zu erfolgen, dass die geistigen Eigentumsrechte unserer Kunden, Lieferanten und weiterer Gesch\u00e4ftspartner gesch\u00fctzt sind.<\/p>\t\t\t\t\t\t\t\t<\/div>\n\t\t\t\t<div class=\"elementor-element elementor-element-81585f9 elementor-widget elementor-widget-jet-download-button\" data-id=\"81585f9\" data-element_type=\"widget\" data-e-type=\"widget\" data-widget_type=\"jet-download-button.default\">\n\t\t\t\t<div class=\"elementor-widget-container\">\n\t\t\t\t\t<div class=\"elementor-jet-download-button jet-elements\"><a class=\"elementor-button elementor-size-md jet-download jet-download-icon-position-left\" data-e-disable-page-transition=\"true\" href=\"https:\/\/industry-lavision.com\/de\/?jet_download=b37368b820049e4003210ba21be9c0d2f9dfc825\" ><span class=\"jet-download__text\"><span class=\"jet-download__label\">Download<\/span><span class=\"jet-download__file-name\"><\/span><small class=\"jet-download__sub-label\"><\/small><\/span><\/a>\n<\/div>\t\t\t\t<\/div>\n\t\t\t\t<\/div>\n\t\t\t\t\t<\/div>\n\t\t\t\t<\/div>\n\t\t\t\t<\/div>\n\t\t","protected":false},"excerpt":{"rendered":"<p>Code of Conduct der LaVision GmbH 1 Einleitung \/ Pr\u00e4ambel Die LaVision GmbH (im Folgenden \u201eLaVision\u201c) ist ein weltweit f\u00fchrender Anbieter von optischen Mess-, Bildgebungs- und Analysesystemen f\u00fcr wissenschaftliche und industrielle Anwendungen, insbesondere im Bereich der bildgebenden (lasergest\u00fctzten) Str\u00f6mungsmesstechnik. Das Unternehmen entwickelt und liefert integrierte Komplettl\u00f6sungen der optischen Messtechnik und tr\u00e4gt mit seinen Innovationen ma\u00dfgeblich [&hellip;]<\/p>\n","protected":false},"author":1,"featured_media":0,"parent":0,"menu_order":0,"comment_status":"closed","ping_status":"closed","template":"","meta":{"footnotes":""},"seitenkategorie":[],"class_list":["post-10024","page","type-page","status-publish","hentry"],"yoast_head":"<!-- This site is optimized with the Yoast SEO Premium plugin v26.7 (Yoast SEO v27.4) - https:\/\/yoast.com\/product\/yoast-seo-premium-wordpress\/ -->\n<title>Code of Conduct - LaVision<\/title>\n<meta name=\"robots\" content=\"index, follow, max-snippet:-1, max-image-preview:large, max-video-preview:-1\" \/>\n<link rel=\"canonical\" href=\"https:\/\/industry-lavision.com\/de\/code-of-conduct\/\" \/>\n<meta property=\"og:locale\" content=\"de_DE\" \/>\n<meta property=\"og:type\" content=\"article\" \/>\n<meta property=\"og:title\" content=\"Code of Conduct\" \/>\n<meta property=\"og:description\" content=\"Code of Conduct der LaVision GmbH 1 Einleitung \/ Pr\u00e4ambel Die LaVision GmbH (im Folgenden \u201eLaVision\u201c) ist ein weltweit f\u00fchrender Anbieter von optischen Mess-, Bildgebungs- und Analysesystemen f\u00fcr wissenschaftliche und industrielle Anwendungen, insbesondere im Bereich der bildgebenden (lasergest\u00fctzten) Str\u00f6mungsmesstechnik. Das Unternehmen entwickelt und liefert integrierte Komplettl\u00f6sungen der optischen Messtechnik und tr\u00e4gt mit seinen Innovationen ma\u00dfgeblich [&hellip;]\" \/>\n<meta property=\"og:url\" content=\"https:\/\/industry-lavision.com\/de\/code-of-conduct\/\" \/>\n<meta property=\"og:site_name\" content=\"LaVision\" \/>\n<meta property=\"article:modified_time\" content=\"2026-03-11T05:15:42+00:00\" \/>\n<meta name=\"twitter:card\" content=\"summary_large_image\" \/>\n<meta name=\"twitter:label1\" content=\"Gesch\u00e4tzte Lesezeit\" \/>\n\t<meta name=\"twitter:data1\" content=\"1\u00a0Minute\" \/>\n<script type=\"application\/ld+json\" class=\"yoast-schema-graph\">{\"@context\":\"https:\\\/\\\/schema.org\",\"@graph\":[{\"@type\":\"WebPage\",\"@id\":\"https:\\\/\\\/industry-lavision.com\\\/de\\\/code-of-conduct\\\/\",\"url\":\"https:\\\/\\\/industry-lavision.com\\\/de\\\/code-of-conduct\\\/\",\"name\":\"Code of Conduct - LaVision\",\"isPartOf\":{\"@id\":\"https:\\\/\\\/industry-lavision.com\\\/#website\"},\"datePublished\":\"2025-08-19T13:16:09+00:00\",\"dateModified\":\"2026-03-11T05:15:42+00:00\",\"breadcrumb\":{\"@id\":\"https:\\\/\\\/industry-lavision.com\\\/de\\\/code-of-conduct\\\/#breadcrumb\"},\"inLanguage\":\"de\",\"potentialAction\":[{\"@type\":\"ReadAction\",\"target\":[\"https:\\\/\\\/industry-lavision.com\\\/de\\\/code-of-conduct\\\/\"]}]},{\"@type\":\"BreadcrumbList\",\"@id\":\"https:\\\/\\\/industry-lavision.com\\\/de\\\/code-of-conduct\\\/#breadcrumb\",\"itemListElement\":[{\"@type\":\"ListItem\",\"position\":1,\"name\":\"Startseite\",\"item\":\"https:\\\/\\\/industry-lavision.com\\\/\"},{\"@type\":\"ListItem\",\"position\":2,\"name\":\"Code of Conduct\"}]},{\"@type\":\"WebSite\",\"@id\":\"https:\\\/\\\/industry-lavision.com\\\/#website\",\"url\":\"https:\\\/\\\/industry-lavision.com\\\/\",\"name\":\"LaVision\",\"description\":\"\",\"publisher\":{\"@id\":\"https:\\\/\\\/industry-lavision.com\\\/#organization\"},\"potentialAction\":[{\"@type\":\"SearchAction\",\"target\":{\"@type\":\"EntryPoint\",\"urlTemplate\":\"https:\\\/\\\/industry-lavision.com\\\/?s={search_term_string}\"},\"query-input\":{\"@type\":\"PropertyValueSpecification\",\"valueRequired\":true,\"valueName\":\"search_term_string\"}}],\"inLanguage\":\"de\"},{\"@type\":\"Organization\",\"@id\":\"https:\\\/\\\/industry-lavision.com\\\/#organization\",\"name\":\"LaVision\",\"url\":\"https:\\\/\\\/industry-lavision.com\\\/\",\"logo\":{\"@type\":\"ImageObject\",\"inLanguage\":\"de\",\"@id\":\"https:\\\/\\\/industry-lavision.com\\\/#\\\/schema\\\/logo\\\/image\\\/\",\"url\":\"https:\\\/\\\/industry-lavision.com\\\/wp-content\\\/uploads\\\/2024\\\/12\\\/lavi.png\",\"contentUrl\":\"https:\\\/\\\/industry-lavision.com\\\/wp-content\\\/uploads\\\/2024\\\/12\\\/lavi.png\",\"width\":1197,\"height\":723,\"caption\":\"LaVision\"},\"image\":{\"@id\":\"https:\\\/\\\/industry-lavision.com\\\/#\\\/schema\\\/logo\\\/image\\\/\"}}]}<\/script>\n<!-- \/ Yoast SEO Premium plugin. -->","yoast_head_json":{"title":"Code of Conduct - LaVision","robots":{"index":"index","follow":"follow","max-snippet":"max-snippet:-1","max-image-preview":"max-image-preview:large","max-video-preview":"max-video-preview:-1"},"canonical":"https:\/\/industry-lavision.com\/de\/code-of-conduct\/","og_locale":"de_DE","og_type":"article","og_title":"Code of Conduct","og_description":"Code of Conduct der LaVision GmbH 1 Einleitung \/ Pr\u00e4ambel Die LaVision GmbH (im Folgenden \u201eLaVision\u201c) ist ein weltweit f\u00fchrender Anbieter von optischen Mess-, Bildgebungs- und Analysesystemen f\u00fcr wissenschaftliche und industrielle Anwendungen, insbesondere im Bereich der bildgebenden (lasergest\u00fctzten) Str\u00f6mungsmesstechnik. Das Unternehmen entwickelt und liefert integrierte Komplettl\u00f6sungen der optischen Messtechnik und tr\u00e4gt mit seinen Innovationen ma\u00dfgeblich [&hellip;]","og_url":"https:\/\/industry-lavision.com\/de\/code-of-conduct\/","og_site_name":"LaVision","article_modified_time":"2026-03-11T05:15:42+00:00","twitter_card":"summary_large_image","twitter_misc":{"Gesch\u00e4tzte Lesezeit":"1\u00a0Minute"},"schema":{"@context":"https:\/\/schema.org","@graph":[{"@type":"WebPage","@id":"https:\/\/industry-lavision.com\/de\/code-of-conduct\/","url":"https:\/\/industry-lavision.com\/de\/code-of-conduct\/","name":"Code of Conduct - LaVision","isPartOf":{"@id":"https:\/\/industry-lavision.com\/#website"},"datePublished":"2025-08-19T13:16:09+00:00","dateModified":"2026-03-11T05:15:42+00:00","breadcrumb":{"@id":"https:\/\/industry-lavision.com\/de\/code-of-conduct\/#breadcrumb"},"inLanguage":"de","potentialAction":[{"@type":"ReadAction","target":["https:\/\/industry-lavision.com\/de\/code-of-conduct\/"]}]},{"@type":"BreadcrumbList","@id":"https:\/\/industry-lavision.com\/de\/code-of-conduct\/#breadcrumb","itemListElement":[{"@type":"ListItem","position":1,"name":"Startseite","item":"https:\/\/industry-lavision.com\/"},{"@type":"ListItem","position":2,"name":"Code of Conduct"}]},{"@type":"WebSite","@id":"https:\/\/industry-lavision.com\/#website","url":"https:\/\/industry-lavision.com\/","name":"LaVision","description":"","publisher":{"@id":"https:\/\/industry-lavision.com\/#organization"},"potentialAction":[{"@type":"SearchAction","target":{"@type":"EntryPoint","urlTemplate":"https:\/\/industry-lavision.com\/?s={search_term_string}"},"query-input":{"@type":"PropertyValueSpecification","valueRequired":true,"valueName":"search_term_string"}}],"inLanguage":"de"},{"@type":"Organization","@id":"https:\/\/industry-lavision.com\/#organization","name":"LaVision","url":"https:\/\/industry-lavision.com\/","logo":{"@type":"ImageObject","inLanguage":"de","@id":"https:\/\/industry-lavision.com\/#\/schema\/logo\/image\/","url":"https:\/\/industry-lavision.com\/wp-content\/uploads\/2024\/12\/lavi.png","contentUrl":"https:\/\/industry-lavision.com\/wp-content\/uploads\/2024\/12\/lavi.png","width":1197,"height":723,"caption":"LaVision"},"image":{"@id":"https:\/\/industry-lavision.com\/#\/schema\/logo\/image\/"}}]}},"_links":{"self":[{"href":"https:\/\/industry-lavision.com\/de\/wp-json\/wp\/v2\/pages\/10024","targetHints":{"allow":["GET"]}}],"collection":[{"href":"https:\/\/industry-lavision.com\/de\/wp-json\/wp\/v2\/pages"}],"about":[{"href":"https:\/\/industry-lavision.com\/de\/wp-json\/wp\/v2\/types\/page"}],"author":[{"embeddable":true,"href":"https:\/\/industry-lavision.com\/de\/wp-json\/wp\/v2\/users\/1"}],"replies":[{"embeddable":true,"href":"https:\/\/industry-lavision.com\/de\/wp-json\/wp\/v2\/comments?post=10024"}],"version-history":[{"count":4,"href":"https:\/\/industry-lavision.com\/de\/wp-json\/wp\/v2\/pages\/10024\/revisions"}],"predecessor-version":[{"id":12181,"href":"https:\/\/industry-lavision.com\/de\/wp-json\/wp\/v2\/pages\/10024\/revisions\/12181"}],"wp:attachment":[{"href":"https:\/\/industry-lavision.com\/de\/wp-json\/wp\/v2\/media?parent=10024"}],"wp:term":[{"taxonomy":"seitenkategorie","embeddable":true,"href":"https:\/\/industry-lavision.com\/de\/wp-json\/wp\/v2\/seitenkategorie?post=10024"}],"curies":[{"name":"wp","href":"https:\/\/api.w.org\/{rel}","templated":true}]}}