{"id":9999,"date":"2025-08-19T14:54:35","date_gmt":"2025-08-19T12:54:35","guid":{"rendered":"https:\/\/industry-lavision.com\/?page_id=9999"},"modified":"2026-03-11T10:42:25","modified_gmt":"2026-03-11T08:42:25","slug":"datenschutz","status":"publish","type":"page","link":"https:\/\/industry-lavision.com\/de\/datenschutz\/","title":{"rendered":"Datenschutz"},"content":{"rendered":"\t\t<div data-elementor-type=\"wp-page\" data-elementor-id=\"9999\" class=\"elementor elementor-9999\" data-elementor-post-type=\"page\">\n\t\t\t\t<div class=\"elementor-element elementor-element-f545af4 e-flex e-con-boxed e-con e-parent\" data-id=\"f545af4\" data-element_type=\"container\" data-e-type=\"container\" data-settings=\"{&quot;jet_parallax_layout_list&quot;:[]}\">\n\t\t\t\t\t<div class=\"e-con-inner\">\n\t\t\t\t<div class=\"elementor-element elementor-element-bc49a3e elementor-widget elementor-widget-heading\" data-id=\"bc49a3e\" data-element_type=\"widget\" data-e-type=\"widget\" data-widget_type=\"heading.default\">\n\t\t\t\t\t<h1 class=\"elementor-heading-title elementor-size-default\">Datenschutz<\/h1>\t\t\t\t<\/div>\n\t\t\t\t<div class=\"elementor-element elementor-element-30085ef elementor-widget elementor-widget-text-editor\" data-id=\"30085ef\" data-element_type=\"widget\" data-e-type=\"widget\" data-widget_type=\"text-editor.default\">\n\t\t\t\t\t\t\t\t\t<p data-key=\"PYkUK\">Der Schutz Ihrer Privatsph\u00e4re und personenbezogenen Daten ist uns wichtig. Nachfolgend informieren wir Sie \u00fcber die Erhebung, Verarbeitung und Nutzung personenbezogener Daten im Rahmen der Nutzung unserer Website\u00a0<strong>industry-lavision.com<\/strong>. Sollten Sie weitere Fragen zum Datenschutz haben, wenden Sie sich bitte direkt an unseren Datenschutzbeauftragten.<\/p><p data-key=\"CNrRF\"><strong>Datenschutzbeauftragter:<\/strong><\/p><p data-key=\"SVYgn\">asc Dienstleistungs GmbH<\/p><p data-key=\"PYaXI\">Andreas Heise, Rechtsanwalt (T\u00dcV-Nord)<\/p><p data-key=\"nOpLv\">E-Mail: <a href=\"mailto:datenschutz@lavision.de\" target=\"_blank\" rel=\"noopener noreferrer nofollow\">datenschutz@lavision.de<\/a><\/p><hr data-key=\"u7UIx\" \/><h2 data-key=\"2b8K1\">1. Datenerfassung beim Besuch unserer Website<\/h2><p data-key=\"MIO26\">\u00a0Beim rein informatorischen Besuch unserer Website erheben wir nur die Daten, die Ihr Browser an unseren Server \u00fcbermittelt (sog. Server-Logfiles). Dazu geh\u00f6ren:<\/p><ul data-key=\"q86nx\"><li data-key=\"VEqsE\"><p data-key=\"oVCd0\">besuchte Seite,<\/p><\/li><li data-key=\"TndrZ\"><p data-key=\"VBMNn\">Datum und Uhrzeit,<\/p><\/li><li data-key=\"ilFJ5\"><p data-key=\"Tx6tl\">\u00fcbertragene Datenmenge,<\/p><\/li><li data-key=\"JGf2x\"><p data-key=\"sHUlt\">Quelle\/Verweis (Referrer),<\/p><\/li><li data-key=\"fLAFL\"><p data-key=\"KTqdp\">verwendeter Browser und Betriebssystem,<\/p><\/li><li data-key=\"UnyJf\"><p data-key=\"MnyfR\">IP-Adresse (gek\u00fcrzt\/anonymisiert).<\/p><\/li><\/ul><p data-key=\"YizgP\">Die Verarbeitung erfolgt gem\u00e4\u00df Art. 6 Abs. 1 lit. f DSGVO auf Basis unseres berechtigten Interesses an der technischen Stabilit\u00e4t und Optimierung unserer Website.<\/p><hr data-key=\"ya8EU\" \/><h2 data-key=\"nTfR3\">2. Cookies<\/h2><p data-key=\"AwDPw\">\u00a0Wir verwenden Cookies, um unsere Website nutzerfreundlicher zu gestalten. Dabei unterscheiden wir zwischen\u00a0<strong>Session-Cookies<\/strong>\u00a0(werden beim Schlie\u00dfen des Browsers gel\u00f6scht) und\u00a0<strong>persistenten Cookies<\/strong>\u00a0(werden f\u00fcr eine bestimmte Zeit auf Ihrem Endger\u00e4t gespeichert).<\/p><p data-key=\"rlFJC\">Sie k\u00f6nnen in Ihrem Browser die Speicherung von Cookies ablehnen oder individuell einstellen. Bitte beachten Sie, dass dadurch die Funktionalit\u00e4t der Website eingeschr\u00e4nkt sein kann.<\/p><hr data-key=\"oViYg\" \/><h2 data-key=\"uB76W\">3. Kontaktaufnahme<\/h2><p data-key=\"GpLVT\">\u00a0Bei der Kontaktaufnahme \u00fcber unser Formular oder per E-Mail werden personenbezogene Daten (z. B. Name, E-Mail, Nachricht) verarbeitet. Rechtsgrundlage ist Art. 6 Abs. 1 lit. f DSGVO (berechtigtes Interesse an Bearbeitung von Anfragen) bzw. Art. 6 Abs. 1 lit. b DSGVO, wenn es um vertragliche Zwecke geht.<\/p><p data-key=\"Q6sXp\">Die Daten werden nach Abschluss der Bearbeitung gel\u00f6scht, soweit keine gesetzlichen Aufbewahrungspflichten entgegenstehen.<\/p><hr data-key=\"Sb1Oh\" \/><h2 data-key=\"v2Q3t\">4. Newsletter<\/h2><p data-key=\"U04sZ\">\u00a0F\u00fcr den Versand unseres E-Mail-Newsletters ben\u00f6tigen wir lediglich Ihre E-Mail-Adresse. Die Anmeldung erfolgt \u00fcber ein\u00a0<strong>Double-Opt-in-Verfahren<\/strong>. Rechtsgrundlage ist Ihre Einwilligung nach Art. 6 Abs. 1 lit. a DSGVO. Sie k\u00f6nnen den Newsletter jederzeit \u00fcber den Abmeldelink in jeder E-Mail widerrufen.<\/p><hr data-key=\"RbFGc\" \/><h2 data-key=\"rB4GK\">5. Webanalyse mit Google Analytics<\/h2><p data-key=\"ndtEs\">\u00a0Unsere Website verwendet Google Analytics (Google Ireland Ltd., Dublin \/ Google LLC, USA). Hierbei kommen Cookies zum Einsatz. Ihre IP-Adresse wird anonymisiert verarbeitet (\u201eanonymizeIp\u201c). Rechtsgrundlage: Art. 6 Abs. 1 lit. f DSGVO.<\/p><p data-key=\"Y9U64\">\u00a0Sie k\u00f6nnen die Erfassung durch Google verhindern, indem Sie ein Browser-Plugin installieren:\u00a0<a href=\"http:\/\/tools.google.com\/dlpage\/gaoptout?hl=de\" target=\"_blank\" rel=\"noopener noreferrer nofollow\">http:\/\/tools.google.com\/dlpage\/gaoptout?hl=de<\/a>.<\/p><p data-key=\"YpxxK\">Weitere Infos:\u00a0<a href=\"https:\/\/policies.google.com\/privacy\" target=\"_blank\" rel=\"noopener noreferrer nofollow\">https:\/\/policies.google.com\/privacy<\/a>.<\/p><hr data-key=\"IyOnn\" \/><h2 data-key=\"g1rA4\">6. Einbindung von Social Media und Videos<\/h2><p data-key=\"2Cy0V\">\u00a0Auf unserer Website k\u00f6nnen Inhalte und Plugins von Drittanbietern eingebunden sein:<\/p><ul data-key=\"De5np\"><li data-key=\"fIAFa\"><p data-key=\"HmV4F\"><strong>Facebook (Meta Platforms Inc.)<\/strong><\/p><\/li><li data-key=\"0VrCY\"><p data-key=\"6FkP7\"><strong>YouTube (Google LLC)<\/strong><\/p><\/li><li data-key=\"W25CA\"><p data-key=\"vUvgJ\"><strong>LinkedIn (LinkedIn Corporation)<\/strong><\/p><\/li><\/ul><p data-key=\"vzvKG\">Wenn Sie entsprechende Inhalte aufrufen, wird eine direkte Verbindung zu den Servern des Anbieters hergestellt und es k\u00f6nnen Daten \u00fcbertragen werden. Details zur Datennutzung finden Sie in den Datenschutzerkl\u00e4rungen der jeweiligen Anbieter.<\/p><hr data-key=\"wIanf\" \/><h2 data-key=\"VePjd\">7. Ihre Rechte<\/h2><p data-key=\"wM5Kg\">\u00a0Sie haben gem\u00e4\u00df DSGVO folgende Rechte:<\/p><ul data-key=\"kogLX\"><li data-key=\"LPTHb\"><p data-key=\"0agFX\">Auskunft \u00fcber gespeicherte Daten (Art. 15 DSGVO)<\/p><\/li><li data-key=\"3dA6T\"><p data-key=\"suPt0\">Berichtigung unrichtiger Daten (Art. 16 DSGVO)<\/p><\/li><li data-key=\"h2gKl\"><p data-key=\"RP2gh\">L\u00f6schung (\u201eRecht auf Vergessenwerden\u201c) (Art. 17 DSGVO)<\/p><\/li><li data-key=\"viUBN\"><p data-key=\"63VFz\">Einschr\u00e4nkung der Verarbeitung (Art. 18 DSGVO)<\/p><\/li><li data-key=\"v1Xnb\"><p data-key=\"XLiYh\">Daten\u00fcbertragbarkeit (Art. 20 DSGVO)<\/p><\/li><li data-key=\"SbT6C\"><p data-key=\"YOEqT\">Widerspruch gegen Verarbeitung (Art. 21 DSGVO)<\/p><\/li><li data-key=\"fh4cj\"><p data-key=\"uueJt\">Widerruf erteilter Einwilligungen (Art. 7 Abs. 3 DSGVO)<\/p><\/li><\/ul><hr data-key=\"TxbOu\" \/><h2 data-key=\"Zndyp\">8. Speicherdauer<\/h2><p data-key=\"THBLt\">\u00a0Personenbezogene Daten werden nur solange gespeichert, wie es f\u00fcr den jeweiligen Zweck erforderlich ist oder gesetzliche Aufbewahrungsfristen bestehen. Danach werden sie gel\u00f6scht oder anonymisiert.<\/p><h2 data-key=\"NgdBH\">9. Beschwerderecht<\/h2><p data-key=\"ojlfr\">\u00a0Dar\u00fcber hinaus haben Sie das Recht, sich bei einer Datenschutzaufsichtsbeh\u00f6rde \u00fcber die Verarbeitung Ihrer personenbezogenen Daten zu beschweren (Art. 77 DSGVO).<\/p><p data-key=\"iIsmD\"><strong>Erg\u00e4nzungen zur Datenschutzerkl\u00e4rung:<\/strong><\/p><p data-key=\"iIsmD\"><strong style=\"background-color: transparent;\">Cookie-Consent-Tool<\/strong><\/p><p data-key=\"58Pqs\">Wir setzen ein Cookie-Consent-Management-Tool ein, mit dem Sie Ihre Einwilligungen zur Speicherung von Cookies und \u00e4hnlichen Technologien verwalten k\u00f6nnen. Dort k\u00f6nnen Sie detailliert nachlesen, welche Cookies wir einsetzen und jederzeit Ihre Auswahl \u00e4ndern oder widerrufen.<\/p><div class=\"mkb-anchor mkb-clearfix mkb-back-to-top-inline\"><p class=\"wp-block-heading mkb-anchor__title\"><strong>Borlabs Cookie<\/strong><\/p><\/div><p>Diese Website verwendet Borlabs Cookie, das ein technisch notwendiges Cookie (<em>borlabs-cookie<\/em>) setzt, um Ihre Cookie-Einwilligungen zu speichern.<\/p><p>Borlabs Cookie verarbeitet keinerlei personenbezogenen Daten.<\/p><p>Im Cookie\u00a0<em>borlabs-cookie<\/em>\u00a0werden Ihre Einwilligungen gespeichert, die Sie beim Betreten der Website gegeben haben. M\u00f6chten Sie diese Einwilligungen widerrufen, l\u00f6schen Sie einfach das Cookie in Ihrem Browser. Wenn Sie die Website neu betreten\/neu laden, werden Sie erneut nach Ihrer Cookie-Einwilligung gefragt.<\/p><p data-key=\"2deVh\"><strong>Daten\u00fcbermittlung in die USA<\/strong><\/p><p data-key=\"NBRJ4\">Ein Teil der Datenverarbeitung erfolgt auch durch Dienstleister in den USA. Wir weisen darauf hin, dass in den USA kein mit der EU vergleichbares Datenschutzniveau besteht. Daten\u00fcbermittlungen erfolgen daher auf Grundlage von EU-Standardvertragsklauseln (Art. 46 DSGVO), um ein angemessenes Schutzniveau sicherzustellen.<\/p><p data-key=\"2ScG1\">Newsletter \/ CleverReach<\/p><p data-key=\"GGLr1\">F\u00fcr den Versand unseres Newsletters nutzen wir den Dienstleister\u00a0<strong>CleverReach GmbH &amp; Co. KG, Deutschland<\/strong>. Die Daten (E-Mail-Adresse, ggf. Name) werden ausschlie\u00dflich zum Versand des Newsletters verarbeitet. CleverReach speichert die Daten auf Servern innerhalb der EU. Der Versand erfolgt nach dem Double-Opt-in-Verfahren. Sie k\u00f6nnen Ihre Einwilligung jederzeit mit Wirkung f\u00fcr die Zukunft widerrufen, z. B. \u00fcber den Abmeldelink in jeder E-Mail.<\/p><p data-key=\"VnEHT\"><strong>Zur Wahrnehmung Ihrer Rechte wenden Sie sich bitte an unseren Datenschutzbeauftragten.<\/strong><\/p><p data-key=\"iF3FR\">\u00a0<\/p>\t\t\t\t\t\t\t\t<\/div>\n\t\t\t\t\t<\/div>\n\t\t\t\t<\/div>\n\t\t\t\t<\/div>\n\t\t","protected":false},"excerpt":{"rendered":"<p>Datenschutz Der Schutz Ihrer Privatsph\u00e4re und personenbezogenen Daten ist uns wichtig. Nachfolgend informieren wir Sie \u00fcber die Erhebung, Verarbeitung und Nutzung personenbezogener Daten im Rahmen der Nutzung unserer Website\u00a0industry-lavision.com. Sollten Sie weitere Fragen zum Datenschutz haben, wenden Sie sich bitte direkt an unseren Datenschutzbeauftragten. Datenschutzbeauftragter: asc Dienstleistungs GmbH Andreas Heise, Rechtsanwalt (T\u00dcV-Nord) E-Mail: datenschutz@lavision.de 1. [&hellip;]<\/p>\n","protected":false},"author":1,"featured_media":0,"parent":0,"menu_order":0,"comment_status":"closed","ping_status":"closed","template":"","meta":{"footnotes":""},"seitenkategorie":[],"class_list":["post-9999","page","type-page","status-publish","hentry"],"yoast_head":"<!-- This site is optimized with the Yoast SEO Premium plugin v26.7 (Yoast SEO v27.4) - https:\/\/yoast.com\/product\/yoast-seo-premium-wordpress\/ -->\n<title>Datenschutz - LaVision<\/title>\n<meta name=\"robots\" content=\"index, follow, max-snippet:-1, max-image-preview:large, max-video-preview:-1\" \/>\n<link rel=\"canonical\" href=\"https:\/\/industry-lavision.com\/data-protection\/\" \/>\n<meta property=\"og:locale\" content=\"de_DE\" \/>\n<meta property=\"og:type\" content=\"article\" \/>\n<meta property=\"og:title\" content=\"Datenschutz\" \/>\n<meta property=\"og:description\" content=\"Datenschutz Der Schutz Ihrer Privatsph\u00e4re und personenbezogenen Daten ist uns wichtig. Nachfolgend informieren wir Sie \u00fcber die Erhebung, Verarbeitung und Nutzung personenbezogener Daten im Rahmen der Nutzung unserer Website\u00a0industry-lavision.com. Sollten Sie weitere Fragen zum Datenschutz haben, wenden Sie sich bitte direkt an unseren Datenschutzbeauftragten. Datenschutzbeauftragter: asc Dienstleistungs GmbH Andreas Heise, Rechtsanwalt (T\u00dcV-Nord) E-Mail: datenschutz@lavision.de 1. [&hellip;]\" \/>\n<meta property=\"og:url\" content=\"https:\/\/industry-lavision.com\/data-protection\/\" \/>\n<meta property=\"og:site_name\" content=\"LaVision\" \/>\n<meta property=\"article:modified_time\" content=\"2026-03-11T08:42:25+00:00\" \/>\n<meta name=\"twitter:card\" content=\"summary_large_image\" \/>\n<meta name=\"twitter:label1\" content=\"Gesch\u00e4tzte Lesezeit\" \/>\n\t<meta name=\"twitter:data1\" content=\"5\u00a0Minuten\" \/>\n<script type=\"application\/ld+json\" class=\"yoast-schema-graph\">{\"@context\":\"https:\\\/\\\/schema.org\",\"@graph\":[{\"@type\":\"WebPage\",\"@id\":\"https:\\\/\\\/industry-lavision.com\\\/data-protection\\\/\",\"url\":\"https:\\\/\\\/industry-lavision.com\\\/data-protection\\\/\",\"name\":\"Datenschutz - LaVision\",\"isPartOf\":{\"@id\":\"https:\\\/\\\/industry-lavision.com\\\/#website\"},\"datePublished\":\"2025-08-19T12:54:35+00:00\",\"dateModified\":\"2026-03-11T08:42:25+00:00\",\"breadcrumb\":{\"@id\":\"https:\\\/\\\/industry-lavision.com\\\/data-protection\\\/#breadcrumb\"},\"inLanguage\":\"de\",\"potentialAction\":[{\"@type\":\"ReadAction\",\"target\":[\"https:\\\/\\\/industry-lavision.com\\\/data-protection\\\/\"]}]},{\"@type\":\"BreadcrumbList\",\"@id\":\"https:\\\/\\\/industry-lavision.com\\\/data-protection\\\/#breadcrumb\",\"itemListElement\":[{\"@type\":\"ListItem\",\"position\":1,\"name\":\"Startseite\",\"item\":\"https:\\\/\\\/industry-lavision.com\\\/\"},{\"@type\":\"ListItem\",\"position\":2,\"name\":\"Datenschutz\"}]},{\"@type\":\"WebSite\",\"@id\":\"https:\\\/\\\/industry-lavision.com\\\/#website\",\"url\":\"https:\\\/\\\/industry-lavision.com\\\/\",\"name\":\"LaVision\",\"description\":\"\",\"publisher\":{\"@id\":\"https:\\\/\\\/industry-lavision.com\\\/#organization\"},\"potentialAction\":[{\"@type\":\"SearchAction\",\"target\":{\"@type\":\"EntryPoint\",\"urlTemplate\":\"https:\\\/\\\/industry-lavision.com\\\/?s={search_term_string}\"},\"query-input\":{\"@type\":\"PropertyValueSpecification\",\"valueRequired\":true,\"valueName\":\"search_term_string\"}}],\"inLanguage\":\"de\"},{\"@type\":\"Organization\",\"@id\":\"https:\\\/\\\/industry-lavision.com\\\/#organization\",\"name\":\"LaVision\",\"url\":\"https:\\\/\\\/industry-lavision.com\\\/\",\"logo\":{\"@type\":\"ImageObject\",\"inLanguage\":\"de\",\"@id\":\"https:\\\/\\\/industry-lavision.com\\\/#\\\/schema\\\/logo\\\/image\\\/\",\"url\":\"https:\\\/\\\/industry-lavision.com\\\/wp-content\\\/uploads\\\/2024\\\/12\\\/lavi.png\",\"contentUrl\":\"https:\\\/\\\/industry-lavision.com\\\/wp-content\\\/uploads\\\/2024\\\/12\\\/lavi.png\",\"width\":1197,\"height\":723,\"caption\":\"LaVision\"},\"image\":{\"@id\":\"https:\\\/\\\/industry-lavision.com\\\/#\\\/schema\\\/logo\\\/image\\\/\"}}]}<\/script>\n<!-- \/ Yoast SEO Premium plugin. -->","yoast_head_json":{"title":"Datenschutz - LaVision","robots":{"index":"index","follow":"follow","max-snippet":"max-snippet:-1","max-image-preview":"max-image-preview:large","max-video-preview":"max-video-preview:-1"},"canonical":"https:\/\/industry-lavision.com\/data-protection\/","og_locale":"de_DE","og_type":"article","og_title":"Datenschutz","og_description":"Datenschutz Der Schutz Ihrer Privatsph\u00e4re und personenbezogenen Daten ist uns wichtig. Nachfolgend informieren wir Sie \u00fcber die Erhebung, Verarbeitung und Nutzung personenbezogener Daten im Rahmen der Nutzung unserer Website\u00a0industry-lavision.com. Sollten Sie weitere Fragen zum Datenschutz haben, wenden Sie sich bitte direkt an unseren Datenschutzbeauftragten. Datenschutzbeauftragter: asc Dienstleistungs GmbH Andreas Heise, Rechtsanwalt (T\u00dcV-Nord) E-Mail: datenschutz@lavision.de 1. [&hellip;]","og_url":"https:\/\/industry-lavision.com\/data-protection\/","og_site_name":"LaVision","article_modified_time":"2026-03-11T08:42:25+00:00","twitter_card":"summary_large_image","twitter_misc":{"Gesch\u00e4tzte Lesezeit":"5\u00a0Minuten"},"schema":{"@context":"https:\/\/schema.org","@graph":[{"@type":"WebPage","@id":"https:\/\/industry-lavision.com\/data-protection\/","url":"https:\/\/industry-lavision.com\/data-protection\/","name":"Datenschutz - LaVision","isPartOf":{"@id":"https:\/\/industry-lavision.com\/#website"},"datePublished":"2025-08-19T12:54:35+00:00","dateModified":"2026-03-11T08:42:25+00:00","breadcrumb":{"@id":"https:\/\/industry-lavision.com\/data-protection\/#breadcrumb"},"inLanguage":"de","potentialAction":[{"@type":"ReadAction","target":["https:\/\/industry-lavision.com\/data-protection\/"]}]},{"@type":"BreadcrumbList","@id":"https:\/\/industry-lavision.com\/data-protection\/#breadcrumb","itemListElement":[{"@type":"ListItem","position":1,"name":"Startseite","item":"https:\/\/industry-lavision.com\/"},{"@type":"ListItem","position":2,"name":"Datenschutz"}]},{"@type":"WebSite","@id":"https:\/\/industry-lavision.com\/#website","url":"https:\/\/industry-lavision.com\/","name":"LaVision","description":"","publisher":{"@id":"https:\/\/industry-lavision.com\/#organization"},"potentialAction":[{"@type":"SearchAction","target":{"@type":"EntryPoint","urlTemplate":"https:\/\/industry-lavision.com\/?s={search_term_string}"},"query-input":{"@type":"PropertyValueSpecification","valueRequired":true,"valueName":"search_term_string"}}],"inLanguage":"de"},{"@type":"Organization","@id":"https:\/\/industry-lavision.com\/#organization","name":"LaVision","url":"https:\/\/industry-lavision.com\/","logo":{"@type":"ImageObject","inLanguage":"de","@id":"https:\/\/industry-lavision.com\/#\/schema\/logo\/image\/","url":"https:\/\/industry-lavision.com\/wp-content\/uploads\/2024\/12\/lavi.png","contentUrl":"https:\/\/industry-lavision.com\/wp-content\/uploads\/2024\/12\/lavi.png","width":1197,"height":723,"caption":"LaVision"},"image":{"@id":"https:\/\/industry-lavision.com\/#\/schema\/logo\/image\/"}}]}},"_links":{"self":[{"href":"https:\/\/industry-lavision.com\/de\/wp-json\/wp\/v2\/pages\/9999","targetHints":{"allow":["GET"]}}],"collection":[{"href":"https:\/\/industry-lavision.com\/de\/wp-json\/wp\/v2\/pages"}],"about":[{"href":"https:\/\/industry-lavision.com\/de\/wp-json\/wp\/v2\/types\/page"}],"author":[{"embeddable":true,"href":"https:\/\/industry-lavision.com\/de\/wp-json\/wp\/v2\/users\/1"}],"replies":[{"embeddable":true,"href":"https:\/\/industry-lavision.com\/de\/wp-json\/wp\/v2\/comments?post=9999"}],"version-history":[{"count":4,"href":"https:\/\/industry-lavision.com\/de\/wp-json\/wp\/v2\/pages\/9999\/revisions"}],"predecessor-version":[{"id":12192,"href":"https:\/\/industry-lavision.com\/de\/wp-json\/wp\/v2\/pages\/9999\/revisions\/12192"}],"wp:attachment":[{"href":"https:\/\/industry-lavision.com\/de\/wp-json\/wp\/v2\/media?parent=9999"}],"wp:term":[{"taxonomy":"seitenkategorie","embeddable":true,"href":"https:\/\/industry-lavision.com\/de\/wp-json\/wp\/v2\/seitenkategorie?post=9999"}],"curies":[{"name":"wp","href":"https:\/\/api.w.org\/{rel}","templated":true}]}}